{"id":960,"date":"2018-05-29T20:40:08","date_gmt":"2018-05-29T19:40:08","guid":{"rendered":"https:\/\/www.uw-film.de\/?page_id=960"},"modified":"2019-03-03T17:16:16","modified_gmt":"2019-03-03T16:16:16","slug":"agb","status":"publish","type":"page","link":"https:\/\/www.uw-film.de\/?page_id=960","title":{"rendered":"AGB"},"content":{"rendered":"<p><strong>Allgemeine Gesch\u00e4ftsbedingungen<\/strong><\/p>\n<ol>\n<li>Vertragspartner<\/li>\n<li>Vertragsgegenstand<\/li>\n<li>Vertragsschluss<\/li>\n<li>Preise<\/li>\n<li>Zahlungsbedingungen<\/li>\n<li>Lieferbedingungen<\/li>\n<li>Widerrufsrecht<\/li>\n<li>Haftungsausschluss<\/li>\n<li>Sprache, Gerichtsstand und anzuwendendes Recht<\/li>\n<li>Salvatorische Klausel<\/li>\n<\/ol>\n<p><strong>1. Vertragspartner<\/strong><\/p>\n<p>Auf Grundlage dieser Allgemeinen Gesch\u00e4ftsbedingungen (AGB) kommt zwischen dem<\/p>\n<p>Kunden und<\/p>\n<p>Jens-Uwe Lamm<br \/>\nAdresse: Ahrensfelder Weg 25, D-22927 Gro\u00dfhansdorf<br \/>\nTel: +49 4102 2191969<br \/>\nE-Mail-Adresse: post [at] uw-film.de,<\/p>\n<p>nachfolgend Anbieter genannt, der Vertrag zustande.<\/p>\n<p><strong>2. Vertragsgegenstand<\/strong><\/p>\n<p style=\"text-align: justify;\">Durch diesen Vertrag wird der Verkauf von Dienstleistungen aus dem Bereich\/den Bereichen Unterwasseraufnahmen, Videodokumentationen sowie Mediengestaltung geregelt. Wegen der Details des jeweiligen Angebotes wird auf die Leistungsbeschreibung der Angebotsseite verwiesen.<\/p>\n<p style=\"text-align: justify;\"><strong>3. Vertragsschluss<\/strong><\/p>\n<p style=\"text-align: justify;\">Der Vertrag kommt im elektronischen Gesch\u00e4ftsverkehr \u00fcber Fernkommunikationsmittel wie Telefon und E-Mail zustande. Dabei stellen die dargestellten Angebote eine unverbindliche Aufforderung zur Abgabe eines Angebots durch den Kunden dar, welches der Anbieter dann annehmen kann.<\/p>\n<p style=\"text-align: justify;\">Mit der Zusendung einer Auftragsbest\u00e4tigung kommt der Vertrag zustande. Der Vertrag kommt ebenfalls durch die Erbringung der angebotenen Dienstleistung zustande.<\/p>\n<p style=\"text-align: justify;\"><strong>4. Preise<\/strong><\/p>\n<p style=\"text-align: justify;\">Alle Preise, sofern angegeben, sind Endpreise und enthalten gem. \u00a7 19 Abs. 1 UStG keine Umsatzsteuer (Mehrwertsteuer).<\/p>\n<p style=\"text-align: justify;\"><strong>5. Zahlungsbedingungen<\/strong><\/p>\n<p style=\"text-align: justify;\">Der Kunde hat ausschlie\u00dflich folgende M\u00f6glichkeiten zur Zahlung: Rechnung bei Lieferung des Filmmaterials. Weitere Zahlungsarten werden nicht angeboten und werden zur\u00fcckgewiesen.<br \/>\nDer Rechnungsbetrag ist nach Zugang der Rechnung, die alle Angaben f\u00fcr die \u00dcberweisung enth\u00e4lt und mit der Lieferung verschickt wird, auf das dort angegebene Konto zu \u00fcberweisen. Der Kunde ist verpflichtet innerhalb von 10 Tagen nach Erhalt der Rechnung den ausgewiesenen Betrag auf das auf der Rechnung angegebene Konto einzuzahlen oder zu \u00fcberweisen. Die Zahlung ist ab Rechnungsdatum ohne Abzug f\u00e4llig. Bei erforderlichen Mahnungen erfolgt \u2013 vorbehaltlich der Geltendmachung eines weiteren Schadens \u2013 die Berechnung von Verzugskosten i.H.v. jedenfalls 5,00 \u20ac je Mahnung; die Forderung einer Pauschale gem. \u00a7 288 Abs. 5 BGB bleibt vorbehalten.<\/p>\n<p style=\"text-align: justify;\">Die Rechnungsstellung erfolgt nach Auslieferung des vertraglich vereinbarten Film- bzw. Bildmaterials (fertig geschnittener Film, Rohmaterial, Fotos). Es k\u00f6nnen bei einem l\u00e4ngeren Zeitraum der Leistungserbringung von mindestens 20 Tagen vor Abschluss und F\u00e4lligkeit des gesamten Rechnungsbetrages Teilrechnungen gestellt werden, jedoch in Summe maximal 50 Prozent des gesamten Rechnungsbetrages.<\/p>\n<p style=\"text-align: justify;\"><strong>6. Lieferbedingungen<\/strong><\/p>\n<p style=\"text-align: justify;\">Der Versand des fertig geschnittenen Filmmaterials erfolgt durchschnittlich sp\u00e4testens 45 Tage nach vollst\u00e4ndiger Beendigung der Dreharbeiten. Rohmaterial wird in der Regel 10 Tage nach Beendigung der Dreharbeiten versandt. \u00dcber Verz\u00f6gerungen wird der Kunde umgehend informiert. Hat der Anbieter ein dauerhaftes Lieferhindernis, insbesondere h\u00f6here Gewalt oder Nichtbelieferung durch Dritte, obwohl rechtzeitig ein entsprechendes Deckungsgesch\u00e4ft get\u00e4tigt wurde, nicht zu vertreten, so hat der Anbieter das Recht, insoweit von einem Vertrag mit dem Kunden zur\u00fcckzutreten. Der Kunde wird dar\u00fcber unverz\u00fcglich informiert und empfangene Leistungen, insbesondere Zahlungen, zur\u00fcckerstattet.<\/p>\n<p style=\"text-align: justify;\"><strong>7. Widerrufsrecht<\/strong><\/p>\n<p style=\"text-align: justify;\"><strong>Widerrufsbelehrung<\/strong><\/p>\n<p style=\"text-align: justify;\"><strong>Sie haben das Recht, bis vierzehn Tage vor Beginn des in der Auftragsbest\u00e4tigung oder E-Mail Kommunikation vereinbarten ersten Termins der Leistungserbringung (Dreharbeiten) ohne Angabe von Gr\u00fcnden diesen Vertrag kostenfrei zu widerrufen.<\/strong><\/p>\n<p style=\"text-align: justify;\"><strong>Um Ihr Widerrufsrecht auszu\u00fcben, m\u00fcssen Sie den Anbieter<\/strong><\/p>\n<p><strong>unterwasserFilm Jens-Uwe Lamm,<\/strong><br \/>\n<strong>Ahrensfelder Weg 25, D-22927 Gro\u00dfhansdorf<\/strong><br \/>\n<strong>E-Mail: post [at] uw-film.de<\/strong><\/p>\n<p style=\"text-align: justify;\"><strong>mittels einer eindeutigen Erkl\u00e4rung (z.B. ein mit der Post versandter Brief, Telefax, oder E-Mail) \u00fcber Ihren Entschluss, diesen Vertrag zu widerrufen, informieren. Zur Wahrung der Widerrufsfrist reicht es aus, dass Sie die Mitteilung \u00fcber die Aus\u00fcbung des Widerrufsrechts vor Ablauf der Widerrufsfrist absenden.<\/strong><\/p>\n<p><strong>Folgen des Widerrufs<\/strong><\/p>\n<p style=\"text-align: justify;\"><strong>Wenn Sie diesen Vertag widerrufen, haben wir Ihnen alle Zahlungen, die wir von Ihnen erhalten haben, unverz\u00fcglich und sp\u00e4testens binnen vierzehn Tagen ab dem Tag zur\u00fcckzuzahlen, an dem die Mitteilung \u00fcber Ihren Widerruf dieses Vertrags bei uns eingegangen ist. F\u00fcr diese R\u00fcckzahlung verwenden wir dasselbe Zahlungsmittel, das Sie bei der urspr\u00fcnglichen Transaktion eingesetzt haben, es sei denn, mit Ihnen wurde ausdr\u00fccklich etwas anderes vereinbart; in keinem Fall werden Ihnen wegen dieser R\u00fcckzahlung Entgelte berechnet.<\/strong><\/p>\n<p style=\"text-align: justify;\"><strong>Das Widerufsrecht besteht nicht, wenn die Dienstleistung vollst\u00e4ndig erbracht wurde und Sie vor der Bestellung zur Kenntnis genommen und ausdr\u00fccklich zugestimmt haben, dass wir mit der Erbringung der Dienstleistung beginnen k\u00f6nnen und Sie Ihr Widerrufsrecht bei vollst\u00e4ndiger Vertragserf\u00fcllung verlieren.<\/strong><\/p>\n<p style=\"text-align: justify;\"><strong>Ende der Widerrufsbelehrung<\/strong><\/p>\n<p style=\"text-align: justify;\"><strong>8. Haftungsausschluss<\/strong><\/p>\n<p style=\"text-align: justify;\">Schadensersatzanspr\u00fcche des Kunden sind ausgeschlossen, soweit sich aus den nachfolgenden Gr\u00fcnden nicht etwas anderes ergibt. Dies gilt auch f\u00fcr den Vertreter und Erf\u00fcllungsgehilfen des Anbieters, falls der Kunde gegen diese Anspr\u00fcche auf Schadensersatz erhebt. Ausgenommen sind Schadensersatzanspr\u00fcche des Kunden wegen Verletzung des Lebens, des K\u00f6rpers, der Gesundheit oder wesentlicher Vertragspflichten, welche zur Erreichung des Vertragszieles notwendigerweise erf\u00fcllt werden m\u00fcssen. Ebenso gilt dies nicht f\u00fcr Schadensersatzanspr\u00fcche nach grob fahrl\u00e4ssiger oder vors\u00e4tzlicher Pflichtverletzung des Anbieters oder seines gesetzlichen Vertreters oder Erf\u00fcllungsgehilfen.<\/p>\n<p style=\"text-align: justify;\"><strong>9. Sprache, Gerichtsstand und anzuwendendes Recht<\/strong><\/p>\n<p style=\"text-align: justify;\">Der Vertrag wird in Deutsch abgefasst. Die weitere Durchf\u00fchrung der Vertragsbeziehung erfolgt in Deutsch. Es findet ausschlie\u00dflich das Recht der Bundesrepublik Deutschland Anwendung. F\u00fcr Verbraucher gilt dies nur insoweit, als dadurch keine gesetzlichen Bestimmungen des Staates eingeschr\u00e4nkt werden, in dem der Kunde seinen Wohnsitz oder gew\u00f6hnlichen Aufenthalt hat. Gerichtsstand ist bei Streitigkeiten mit Kunden, die kein Verbraucher, juristische Person des \u00f6ffentlichen Rechts oder \u00f6ffentlich-rechtliches Sonderverm\u00f6gen sind, Sitz des Anbieters.<\/p>\n<p style=\"text-align: justify;\"><strong>10. Salvatorische Klausel<\/strong><\/p>\n<p style=\"text-align: justify;\">Die Unwirksamkeit einer Bestimmung dieser AGB hat keine Auswirkungen auf die Wirksamkeit der sonstigen Bestimmungen.<\/p>\n<p style=\"text-align: justify;\"><a href=\"http:\/\/www.deutsche-anwaltshotline.de\/recht-auf-ihrer-website\/agb-generator\" target=\"_blank\" rel=\"noopener noreferrer\">AGB erstellt \u00fcber den Generator der Deutschen Anwaltshotline AG<\/a><\/p>\n","protected":false},"excerpt":{"rendered":"<p>Allgemeine Gesch\u00e4ftsbedingungen Vertragspartner Vertragsgegenstand Vertragsschluss Preise Zahlungsbedingungen Lieferbedingungen Widerrufsrecht Haftungsausschluss Sprache, Gerichtsstand und anzuwendendes Recht Salvatorische Klausel 1. Vertragspartner Auf Grundlage dieser Allgemeinen Gesch\u00e4ftsbedingungen (AGB) kommt zwischen dem Kunden und Jens-Uwe Lamm Adresse: Ahrensfelder Weg 25, D-22927 Gro\u00dfhansdorf Tel: +49 4102 2191969 E-Mail-Adresse: post [at] uw-film.de, nachfolgend Anbieter genannt, der\u2026<\/p>\n<p class=\"continue-reading-button\"> <a class=\"continue-reading-link\" href=\"https:\/\/www.uw-film.de\/?page_id=960\">Weiter lesen &#8230;<i class=\"crycon-right-dir\"><\/i><\/a><\/p>\n","protected":false},"author":1,"featured_media":0,"parent":0,"menu_order":7,"comment_status":"closed","ping_status":"closed","template":"","meta":{"footnotes":""},"class_list":["post-960","page","type-page","status-publish","hentry"],"_links":{"self":[{"href":"https:\/\/www.uw-film.de\/index.php?rest_route=\/wp\/v2\/pages\/960","targetHints":{"allow":["GET"]}}],"collection":[{"href":"https:\/\/www.uw-film.de\/index.php?rest_route=\/wp\/v2\/pages"}],"about":[{"href":"https:\/\/www.uw-film.de\/index.php?rest_route=\/wp\/v2\/types\/page"}],"author":[{"embeddable":true,"href":"https:\/\/www.uw-film.de\/index.php?rest_route=\/wp\/v2\/users\/1"}],"replies":[{"embeddable":true,"href":"https:\/\/www.uw-film.de\/index.php?rest_route=%2Fwp%2Fv2%2Fcomments&post=960"}],"version-history":[{"count":10,"href":"https:\/\/www.uw-film.de\/index.php?rest_route=\/wp\/v2\/pages\/960\/revisions"}],"predecessor-version":[{"id":1075,"href":"https:\/\/www.uw-film.de\/index.php?rest_route=\/wp\/v2\/pages\/960\/revisions\/1075"}],"wp:attachment":[{"href":"https:\/\/www.uw-film.de\/index.php?rest_route=%2Fwp%2Fv2%2Fmedia&parent=960"}],"curies":[{"name":"wp","href":"https:\/\/api.w.org\/{rel}","templated":true}]}}