{"id":64,"date":"2015-02-15T17:58:05","date_gmt":"2015-02-15T16:58:05","guid":{"rendered":"https:\/\/www.uw-film.de\/uf\/?page_id=64"},"modified":"2024-02-20T20:15:26","modified_gmt":"2024-02-20T19:15:26","slug":"rebreather-reunion","status":"publish","type":"page","link":"https:\/\/www.uw-film.de\/?page_id=64","title":{"rendered":"Rebreather Reunion"},"content":{"rendered":"<p style=\"text-align: justify;\">Seit 2012 begleitete ich die allj\u00e4hrlich stattfindenden Kreislaufger\u00e4tetreffen in Hemmoor. Anf\u00e4nglich noch mit GoPro HD, sp\u00e4ter mit 2 Sony Kameras in Full HD und Audio Aufnahmetechnik. 2020 gab es eine Pause, 2021 wieder ein kleiner Anfang ohne offizielles Rahmenprogramm &#8230;.. 2022 dann wieder mit Workshops und Abendprogramm. 2023 war dann mein letztes Treffen als Organisator. Kurzentschlossen haben Guido und ich das Amt des ORGA-Teams niedergelegt. Frank war eh in die Staaten \u00fcbersiedelt. Es haben sich schnell Nachfolger rund um Philipp Pre\u00dfmann gefunden. Wir sind gespannt, wie es weiterl\u00e4uft.<\/p>\n<p style=\"text-align: justify;\">Nachfolgend die Videos der vergangenen Jahre.<\/p>\n<p style=\"text-align: center;\">2023<\/p>\n<div class=\"lyte-wrapper\" style=\"width:640px;max-width:100%;margin:5px auto;\"><div class=\"lyMe\" id=\"WYL_zsJ107TPRA4\"><div id=\"lyte_zsJ107TPRA4\" data-src=\"https:\/\/www.uw-film.de\/uf\/wp-content\/plugins\/wp-youtube-lyte\/lyteCache.php?origThumbUrl=%2F%2Fi.ytimg.com%2Fvi%2FzsJ107TPRA4%2Fhqdefault.jpg\" class=\"pL\"><div class=\"tC\"><div class=\"tT\"><\/div><\/div><div class=\"play\"><\/div><div class=\"ctrl\"><div class=\"Lctrl\"><\/div><div class=\"Rctrl\"><\/div><\/div><\/div><noscript><a href=\"https:\/\/youtu.be\/zsJ107TPRA4\" rel=\"nofollow\"><img loading=\"lazy\" decoding=\"async\" src=\"https:\/\/www.uw-film.de\/uf\/wp-content\/plugins\/wp-youtube-lyte\/lyteCache.php?origThumbUrl=https%3A%2F%2Fi.ytimg.com%2Fvi%2FzsJ107TPRA4%2F0.jpg\" alt=\"YouTube-Video-Vorschaubild\" width=\"640\" height=\"340\" \/><br \/>Dieses Video auf YouTube ansehen<\/a><\/noscript><\/div><\/div><div class=\"lL\" style=\"max-width:100%;width:640px;margin:5px auto;\"><br\/><span class=\"lyte_disclaimer\">Diese Webseite verwendet YouTube Lyte. Es wird nur das Vorschaubild von YouTube geladen. Mit dem Klick zum Abspielen des Videos gelten die Datenschutzbestimmungen von Google.<\/span><\/div><\/p>\n<p style=\"text-align: center;\">2022<\/p>\n<div class=\"lyte-wrapper\" style=\"width:640px;max-width:100%;margin:5px auto;\"><div class=\"lyMe\" id=\"WYL_6yJU_Qik_Ec\"><div id=\"lyte_6yJU_Qik_Ec\" data-src=\"https:\/\/www.uw-film.de\/uf\/wp-content\/plugins\/wp-youtube-lyte\/lyteCache.php?origThumbUrl=%2F%2Fi.ytimg.com%2Fvi%2F6yJU_Qik_Ec%2Fhqdefault.jpg\" class=\"pL\"><div class=\"tC\"><div class=\"tT\"><\/div><\/div><div class=\"play\"><\/div><div class=\"ctrl\"><div class=\"Lctrl\"><\/div><div class=\"Rctrl\"><\/div><\/div><\/div><noscript><a href=\"https:\/\/youtu.be\/6yJU_Qik_Ec\" rel=\"nofollow\"><img loading=\"lazy\" decoding=\"async\" src=\"https:\/\/www.uw-film.de\/uf\/wp-content\/plugins\/wp-youtube-lyte\/lyteCache.php?origThumbUrl=https%3A%2F%2Fi.ytimg.com%2Fvi%2F6yJU_Qik_Ec%2F0.jpg\" alt=\"YouTube-Video-Vorschaubild\" width=\"640\" height=\"340\" \/><br \/>Dieses Video auf YouTube ansehen<\/a><\/noscript><\/div><\/div><div class=\"lL\" style=\"max-width:100%;width:640px;margin:5px auto;\"><br\/><span class=\"lyte_disclaimer\">Diese Webseite verwendet YouTube Lyte. Es wird nur das Vorschaubild von YouTube geladen. Mit dem Klick zum Abspielen des Videos gelten die Datenschutzbestimmungen von Google.<\/span><\/div><\/p>\n<p style=\"text-align: center;\">2021<\/p>\n<div class=\"lyte-wrapper\" style=\"width:640px;max-width:100%;margin:5px auto;\"><div class=\"lyMe\" id=\"WYL_i2ZWItexot4\"><div id=\"lyte_i2ZWItexot4\" data-src=\"https:\/\/www.uw-film.de\/uf\/wp-content\/plugins\/wp-youtube-lyte\/lyteCache.php?origThumbUrl=%2F%2Fi.ytimg.com%2Fvi%2Fi2ZWItexot4%2Fhqdefault.jpg\" class=\"pL\"><div class=\"tC\"><div class=\"tT\"><\/div><\/div><div class=\"play\"><\/div><div class=\"ctrl\"><div class=\"Lctrl\"><\/div><div class=\"Rctrl\"><\/div><\/div><\/div><noscript><a href=\"https:\/\/youtu.be\/i2ZWItexot4\" rel=\"nofollow\"><img loading=\"lazy\" decoding=\"async\" src=\"https:\/\/www.uw-film.de\/uf\/wp-content\/plugins\/wp-youtube-lyte\/lyteCache.php?origThumbUrl=https%3A%2F%2Fi.ytimg.com%2Fvi%2Fi2ZWItexot4%2F0.jpg\" alt=\"YouTube-Video-Vorschaubild\" width=\"640\" height=\"340\" \/><br \/>Dieses Video auf YouTube ansehen<\/a><\/noscript><\/div><\/div><div class=\"lL\" style=\"max-width:100%;width:640px;margin:5px auto;\"><br\/><span class=\"lyte_disclaimer\">Diese Webseite verwendet YouTube Lyte. Es wird nur das Vorschaubild von YouTube geladen. Mit dem Klick zum Abspielen des Videos gelten die Datenschutzbestimmungen von Google.<\/span><\/div><\/p>\n<p style=\"text-align: center;\">2019<\/p>\n<div class=\"lyte-wrapper\" style=\"width:640px;max-width:100%;margin:5px auto;\"><div class=\"lyMe\" id=\"WYL_FnYbZlVINDw\"><div id=\"lyte_FnYbZlVINDw\" data-src=\"https:\/\/www.uw-film.de\/uf\/wp-content\/plugins\/wp-youtube-lyte\/lyteCache.php?origThumbUrl=%2F%2Fi.ytimg.com%2Fvi%2FFnYbZlVINDw%2Fhqdefault.jpg\" class=\"pL\"><div class=\"tC\"><div class=\"tT\"><\/div><\/div><div class=\"play\"><\/div><div class=\"ctrl\"><div class=\"Lctrl\"><\/div><div class=\"Rctrl\"><\/div><\/div><\/div><noscript><a href=\"https:\/\/youtu.be\/FnYbZlVINDw\" rel=\"nofollow\"><img loading=\"lazy\" decoding=\"async\" src=\"https:\/\/www.uw-film.de\/uf\/wp-content\/plugins\/wp-youtube-lyte\/lyteCache.php?origThumbUrl=https%3A%2F%2Fi.ytimg.com%2Fvi%2FFnYbZlVINDw%2F0.jpg\" alt=\"YouTube-Video-Vorschaubild\" width=\"640\" height=\"340\" \/><br \/>Dieses Video auf YouTube ansehen<\/a><\/noscript><\/div><\/div><div class=\"lL\" style=\"max-width:100%;width:640px;margin:5px auto;\"><br\/><span class=\"lyte_disclaimer\">Diese Webseite verwendet YouTube Lyte. Es wird nur das Vorschaubild von YouTube geladen. Mit dem Klick zum Abspielen des Videos gelten die Datenschutzbestimmungen von Google.<\/span><\/div><\/p>\n<p style=\"text-align: center;\">2018<\/p>\n<div class=\"lyte-wrapper\" style=\"width:640px;max-width:100%;margin:5px auto;\"><div class=\"lyMe\" id=\"WYL_a2eHRBNQx8E\"><div id=\"lyte_a2eHRBNQx8E\" data-src=\"https:\/\/www.uw-film.de\/uf\/wp-content\/plugins\/wp-youtube-lyte\/lyteCache.php?origThumbUrl=%2F%2Fi.ytimg.com%2Fvi%2Fa2eHRBNQx8E%2Fhqdefault.jpg\" class=\"pL\"><div class=\"tC\"><div class=\"tT\"><\/div><\/div><div class=\"play\"><\/div><div class=\"ctrl\"><div class=\"Lctrl\"><\/div><div class=\"Rctrl\"><\/div><\/div><\/div><noscript><a href=\"https:\/\/youtu.be\/a2eHRBNQx8E\" rel=\"nofollow\"><img loading=\"lazy\" decoding=\"async\" src=\"https:\/\/www.uw-film.de\/uf\/wp-content\/plugins\/wp-youtube-lyte\/lyteCache.php?origThumbUrl=https%3A%2F%2Fi.ytimg.com%2Fvi%2Fa2eHRBNQx8E%2F0.jpg\" alt=\"YouTube-Video-Vorschaubild\" width=\"640\" height=\"340\" \/><br \/>Dieses Video auf YouTube ansehen<\/a><\/noscript><\/div><\/div><div class=\"lL\" style=\"max-width:100%;width:640px;margin:5px auto;\"><br\/><span class=\"lyte_disclaimer\">Diese Webseite verwendet YouTube Lyte. Es wird nur das Vorschaubild von YouTube geladen. Mit dem Klick zum Abspielen des Videos gelten die Datenschutzbestimmungen von Google.<\/span><\/div><\/p>\n<p style=\"text-align: center;\">2017<\/p>\n<div class=\"lyte-wrapper\" style=\"width:640px;max-width:100%;margin:5px auto;\"><div class=\"lyMe\" id=\"WYL_-m9A4tWx3m4\"><div id=\"lyte_-m9A4tWx3m4\" data-src=\"https:\/\/www.uw-film.de\/uf\/wp-content\/plugins\/wp-youtube-lyte\/lyteCache.php?origThumbUrl=%2F%2Fi.ytimg.com%2Fvi%2F-m9A4tWx3m4%2Fhqdefault.jpg\" class=\"pL\"><div class=\"tC\"><div class=\"tT\"><\/div><\/div><div class=\"play\"><\/div><div class=\"ctrl\"><div class=\"Lctrl\"><\/div><div class=\"Rctrl\"><\/div><\/div><\/div><noscript><a href=\"https:\/\/youtu.be\/-m9A4tWx3m4\" rel=\"nofollow\"><img loading=\"lazy\" decoding=\"async\" src=\"https:\/\/www.uw-film.de\/uf\/wp-content\/plugins\/wp-youtube-lyte\/lyteCache.php?origThumbUrl=https%3A%2F%2Fi.ytimg.com%2Fvi%2F-m9A4tWx3m4%2F0.jpg\" alt=\"YouTube-Video-Vorschaubild\" width=\"640\" height=\"340\" \/><br \/>Dieses Video auf YouTube ansehen<\/a><\/noscript><\/div><\/div><div class=\"lL\" style=\"max-width:100%;width:640px;margin:5px auto;\"><br\/><span class=\"lyte_disclaimer\">Diese Webseite verwendet YouTube Lyte. Es wird nur das Vorschaubild von YouTube geladen. Mit dem Klick zum Abspielen des Videos gelten die Datenschutzbestimmungen von Google.<\/span><\/div><\/p>\n<p style=\"text-align: center;\">2016<\/p>\n<div class=\"lyte-wrapper\" style=\"width:640px;max-width:100%;margin:5px auto;\"><div class=\"lyMe\" id=\"WYL_n_Osh11wFdo\"><div id=\"lyte_n_Osh11wFdo\" data-src=\"https:\/\/www.uw-film.de\/uf\/wp-content\/plugins\/wp-youtube-lyte\/lyteCache.php?origThumbUrl=%2F%2Fi.ytimg.com%2Fvi%2Fn_Osh11wFdo%2Fhqdefault.jpg\" class=\"pL\"><div class=\"tC\"><div class=\"tT\"><\/div><\/div><div class=\"play\"><\/div><div class=\"ctrl\"><div class=\"Lctrl\"><\/div><div class=\"Rctrl\"><\/div><\/div><\/div><noscript><a href=\"https:\/\/youtu.be\/n_Osh11wFdo\" rel=\"nofollow\"><img loading=\"lazy\" decoding=\"async\" src=\"https:\/\/www.uw-film.de\/uf\/wp-content\/plugins\/wp-youtube-lyte\/lyteCache.php?origThumbUrl=https%3A%2F%2Fi.ytimg.com%2Fvi%2Fn_Osh11wFdo%2F0.jpg\" alt=\"YouTube-Video-Vorschaubild\" width=\"640\" height=\"340\" \/><br \/>Dieses Video auf YouTube ansehen<\/a><\/noscript><\/div><\/div><div class=\"lL\" style=\"max-width:100%;width:640px;margin:5px auto;\"><br\/><span class=\"lyte_disclaimer\">Diese Webseite verwendet YouTube Lyte. Es wird nur das Vorschaubild von YouTube geladen. Mit dem Klick zum Abspielen des Videos gelten die Datenschutzbestimmungen von Google.<\/span><\/div><\/p>\n<p style=\"text-align: center;\">2015<\/p>\n<div class=\"lyte-wrapper\" style=\"width:640px;max-width:100%;margin:5px auto;\"><div class=\"lyMe\" id=\"WYL_qM_ezFtg6QI\"><div id=\"lyte_qM_ezFtg6QI\" data-src=\"https:\/\/www.uw-film.de\/uf\/wp-content\/plugins\/wp-youtube-lyte\/lyteCache.php?origThumbUrl=%2F%2Fi.ytimg.com%2Fvi%2FqM_ezFtg6QI%2Fhqdefault.jpg\" class=\"pL\"><div class=\"tC\"><div class=\"tT\"><\/div><\/div><div class=\"play\"><\/div><div class=\"ctrl\"><div class=\"Lctrl\"><\/div><div class=\"Rctrl\"><\/div><\/div><\/div><noscript><a href=\"https:\/\/youtu.be\/qM_ezFtg6QI\" rel=\"nofollow\"><img loading=\"lazy\" decoding=\"async\" src=\"https:\/\/www.uw-film.de\/uf\/wp-content\/plugins\/wp-youtube-lyte\/lyteCache.php?origThumbUrl=https%3A%2F%2Fi.ytimg.com%2Fvi%2FqM_ezFtg6QI%2F0.jpg\" alt=\"YouTube-Video-Vorschaubild\" width=\"640\" height=\"340\" \/><br \/>Dieses Video auf YouTube ansehen<\/a><\/noscript><\/div><\/div><div class=\"lL\" style=\"max-width:100%;width:640px;margin:5px auto;\"><br\/><span class=\"lyte_disclaimer\">Diese Webseite verwendet YouTube Lyte. Es wird nur das Vorschaubild von YouTube geladen. Mit dem Klick zum Abspielen des Videos gelten die Datenschutzbestimmungen von Google.<\/span><\/div><\/p>\n<p style=\"text-align: center;\">2014<\/p>\n<div class=\"lyte-wrapper\" style=\"width:640px;max-width:100%;margin:5px auto;\"><div class=\"lyMe\" id=\"WYL_c4468YWlzNY\"><div id=\"lyte_c4468YWlzNY\" data-src=\"https:\/\/www.uw-film.de\/uf\/wp-content\/plugins\/wp-youtube-lyte\/lyteCache.php?origThumbUrl=%2F%2Fi.ytimg.com%2Fvi%2Fc4468YWlzNY%2Fhqdefault.jpg\" class=\"pL\"><div class=\"tC\"><div class=\"tT\"><\/div><\/div><div class=\"play\"><\/div><div class=\"ctrl\"><div class=\"Lctrl\"><\/div><div class=\"Rctrl\"><\/div><\/div><\/div><noscript><a href=\"https:\/\/youtu.be\/c4468YWlzNY\" rel=\"nofollow\"><img loading=\"lazy\" decoding=\"async\" src=\"https:\/\/www.uw-film.de\/uf\/wp-content\/plugins\/wp-youtube-lyte\/lyteCache.php?origThumbUrl=https%3A%2F%2Fi.ytimg.com%2Fvi%2Fc4468YWlzNY%2F0.jpg\" alt=\"YouTube-Video-Vorschaubild\" width=\"640\" height=\"340\" \/><br \/>Dieses Video auf YouTube ansehen<\/a><\/noscript><\/div><\/div><div class=\"lL\" style=\"max-width:100%;width:640px;margin:5px auto;\"><br\/><span class=\"lyte_disclaimer\">Diese Webseite verwendet YouTube Lyte. Es wird nur das Vorschaubild von YouTube geladen. Mit dem Klick zum Abspielen des Videos gelten die Datenschutzbestimmungen von Google.<\/span><\/div><\/p>\n<p style=\"text-align: center;\">2013<\/p>\n<div class=\"lyte-wrapper\" style=\"width:640px;max-width:100%;margin:5px auto;\"><div class=\"lyMe\" id=\"WYL_-vzdX2TBEiY\"><div id=\"lyte_-vzdX2TBEiY\" data-src=\"https:\/\/www.uw-film.de\/uf\/wp-content\/plugins\/wp-youtube-lyte\/lyteCache.php?origThumbUrl=%2F%2Fi.ytimg.com%2Fvi%2F-vzdX2TBEiY%2Fhqdefault.jpg\" class=\"pL\"><div class=\"tC\"><div class=\"tT\"><\/div><\/div><div class=\"play\"><\/div><div class=\"ctrl\"><div class=\"Lctrl\"><\/div><div class=\"Rctrl\"><\/div><\/div><\/div><noscript><a href=\"https:\/\/youtu.be\/-vzdX2TBEiY\" rel=\"nofollow\"><img loading=\"lazy\" decoding=\"async\" src=\"https:\/\/www.uw-film.de\/uf\/wp-content\/plugins\/wp-youtube-lyte\/lyteCache.php?origThumbUrl=https%3A%2F%2Fi.ytimg.com%2Fvi%2F-vzdX2TBEiY%2F0.jpg\" alt=\"YouTube-Video-Vorschaubild\" width=\"640\" height=\"340\" \/><br \/>Dieses Video auf YouTube ansehen<\/a><\/noscript><\/div><\/div><div class=\"lL\" style=\"max-width:100%;width:640px;margin:5px auto;\"><br\/><span class=\"lyte_disclaimer\">Diese Webseite verwendet YouTube Lyte. Es wird nur das Vorschaubild von YouTube geladen. Mit dem Klick zum Abspielen des Videos gelten die Datenschutzbestimmungen von Google.<\/span><\/div><\/p>\n","protected":false},"excerpt":{"rendered":"<p>Seit 2012 begleitete ich die allj\u00e4hrlich stattfindenden Kreislaufger\u00e4tetreffen in Hemmoor. Anf\u00e4nglich noch mit GoPro HD, sp\u00e4ter mit 2 Sony Kameras in Full HD und Audio Aufnahmetechnik. 2020 gab es eine Pause, 2021 wieder ein kleiner Anfang ohne offizielles Rahmenprogramm &#8230;.. 2022 dann wieder mit Workshops und Abendprogramm. 2023 war dann\u2026<\/p>\n<p class=\"continue-reading-button\"> <a class=\"continue-reading-link\" href=\"https:\/\/www.uw-film.de\/?page_id=64\">Weiter lesen &#8230;<i class=\"crycon-right-dir\"><\/i><\/a><\/p>\n","protected":false},"author":1,"featured_media":65,"parent":35,"menu_order":44,"comment_status":"closed","ping_status":"closed","template":"","meta":{"footnotes":""},"class_list":["post-64","page","type-page","status-publish","has-post-thumbnail","hentry"],"_links":{"self":[{"href":"https:\/\/www.uw-film.de\/index.php?rest_route=\/wp\/v2\/pages\/64","targetHints":{"allow":["GET"]}}],"collection":[{"href":"https:\/\/www.uw-film.de\/index.php?rest_route=\/wp\/v2\/pages"}],"about":[{"href":"https:\/\/www.uw-film.de\/index.php?rest_route=\/wp\/v2\/types\/page"}],"author":[{"embeddable":true,"href":"https:\/\/www.uw-film.de\/index.php?rest_route=\/wp\/v2\/users\/1"}],"replies":[{"embeddable":true,"href":"https:\/\/www.uw-film.de\/index.php?rest_route=%2Fwp%2Fv2%2Fcomments&post=64"}],"version-history":[{"count":19,"href":"https:\/\/www.uw-film.de\/index.php?rest_route=\/wp\/v2\/pages\/64\/revisions"}],"predecessor-version":[{"id":1508,"href":"https:\/\/www.uw-film.de\/index.php?rest_route=\/wp\/v2\/pages\/64\/revisions\/1508"}],"up":[{"embeddable":true,"href":"https:\/\/www.uw-film.de\/index.php?rest_route=\/wp\/v2\/pages\/35"}],"wp:featuredmedia":[{"embeddable":true,"href":"https:\/\/www.uw-film.de\/index.php?rest_route=\/wp\/v2\/media\/65"}],"wp:attachment":[{"href":"https:\/\/www.uw-film.de\/index.php?rest_route=%2Fwp%2Fv2%2Fmedia&parent=64"}],"curies":[{"name":"wp","href":"https:\/\/api.w.org\/{rel}","templated":true}]}}