{"id":605,"date":"2017-01-22T23:35:45","date_gmt":"2017-01-22T21:35:45","guid":{"rendered":"https:\/\/www.uw-film.de\/?page_id=605"},"modified":"2024-10-22T21:09:37","modified_gmt":"2024-10-22T20:09:37","slug":"vita","status":"publish","type":"page","link":"https:\/\/www.uw-film.de\/?page_id=605","title":{"rendered":"Vita"},"content":{"rendered":"<p><img loading=\"lazy\" decoding=\"async\" class=\"aligncenter size-full wp-image-1383\" src=\"https:\/\/www.uw-film.de\/uf\/wp-content\/uploads\/2021\/12\/20200417-_Hemmoor_Fruehjahr_01-scaled.jpg\" alt=\"\" width=\"2560\" height=\"1923\" srcset=\"https:\/\/www.uw-film.de\/uf\/wp-content\/uploads\/2021\/12\/20200417-_Hemmoor_Fruehjahr_01-scaled.jpg 2560w, https:\/\/www.uw-film.de\/uf\/wp-content\/uploads\/2021\/12\/20200417-_Hemmoor_Fruehjahr_01-300x225.jpg 300w, https:\/\/www.uw-film.de\/uf\/wp-content\/uploads\/2021\/12\/20200417-_Hemmoor_Fruehjahr_01-1024x769.jpg 1024w, https:\/\/www.uw-film.de\/uf\/wp-content\/uploads\/2021\/12\/20200417-_Hemmoor_Fruehjahr_01-768x577.jpg 768w, https:\/\/www.uw-film.de\/uf\/wp-content\/uploads\/2021\/12\/20200417-_Hemmoor_Fruehjahr_01-1536x1154.jpg 1536w, https:\/\/www.uw-film.de\/uf\/wp-content\/uploads\/2021\/12\/20200417-_Hemmoor_Fruehjahr_01-2048x1539.jpg 2048w, https:\/\/www.uw-film.de\/uf\/wp-content\/uploads\/2021\/12\/20200417-_Hemmoor_Fruehjahr_01-150x113.jpg 150w\" sizes=\"auto, (max-width: 2560px) 100vw, 2560px\" \/><\/p>\n<ul>\n<li>2024: Dreh &amp; Schnitt von 12 Interviews auf der BOOT in D\u00fcsseldorf f\u00fcr Taucher@Net, Aufnahmen f\u00fcr Spiegel-TV zur Dokumentation Deutschlands Gr\u00f6\u00dfte Geheimnisse bei Kabel Eins<\/li>\n<li>2023: 45min Tauchernet Reportage zur BOOT in D\u00fcsseldorf inklusive der erstmaligen Vergabe der Dive Awards in Halle 12, Video Dokumentation &#8222;Portland Cement Fabrik Hemmoor&#8220; mit dem Zeitzeugen G\u00fcnter Tiedemann<\/li>\n<li style=\"text-align: left;\">2021: Lieferung Unterwasser Video Material f\u00fcr &#8222;Wracktauchen im Gro\u00dfensee&#8220; f\u00fcr das Schleswig-Holstein Magazin (NDR), Unterwasser Filmaufnahmen f\u00fcr Lemon8 f\u00fcr eine Nord-Reportage &#8222;Tiefenrausch &#8211; Einsatz im Tauchrevier&#8220; f\u00fcr den NDR, Erstellung Unterwasseraufnahmen (Lastensegler) f\u00fcr das NDR Magazin Hanseblick: Winterwandern am Schweriner See, 12 Minuten Doku zur Torpedoversuchsanstalt Neubrandenburg am Tollensesee f\u00fcr taucher.net<\/li>\n<li>2020: 12 Minuten Doku zur 51. BOOT in D\u00fcsseldorf, mehrere Kurzclips \u00fcber Aussteller der Taucherbranche, Mitarbeit bei Unterwasseraufnahmen f\u00fcr Blueplanet Film zu einer 4teiligen Natur-Doku der ARD, Image\/Produkt Video Animal Inhalation, Lieferung Filmmaterial f\u00fcr eine Doku Reihe in Kabel 1 an Spiegel TV<\/li>\n<li>2019: 46 min. Dokumentation zur 50. Wassersportmesse BOOT in D\u00fcsseldorf, Imagefilm DLRG Insel F\u00f6hr, Kurzvideo Divertug f\u00fcr Dive2me Tauchshop, Dreh mit MingaMedia f\u00fcr 1-2 oder 3 (ZDF)<\/li>\n<li>2018: Gro\u00dfe Tauchplatz Dokumentation \u00fcber den Kreidesee, Reportage-Dreh zur Versenkung der neuen Piper Aircraft in Hemmoor, Produktfilm Carbon Scooter f\u00fcr UWFUN und Tekki School, Dreharbeiten f\u00fcr die NDR Redaktion DAS!, Imagefilm Tauchsportzentrum Niederrhein<\/li>\n<li>2017: 45 min. Dokumentation zur Bootsmesse in D\u00fcsseldorf, Imagefilm f\u00fcr Oceanex, TEC-Divesysteme und Atlantis, SUEX Trailer f\u00fcr die TROCKIKLINIK<\/li>\n<li>2016: Image Filme f\u00fcr verschiedene Unterwasserlampenhersteller<\/li>\n<li>2015: Aufnahmen f\u00fcr den Kreideseefilm (DVD), Image Filme f\u00fcr Tauchschulen und Produktvideos f\u00fcr die Tauchindustrie<\/li>\n<li>2014-2015: mehrere Videos\u00a0f\u00fcr die Tauchbasis Kreidesee Hemmoor<\/li>\n<li>2013: Messefilm \u00fcber das U-Boot Kreidesee Eurosub f\u00fcr die Boot 2014<\/li>\n<li>2011: erste Aufnahmen mit der GoPro HD im Kreidesee Hemmoor<\/li>\n<\/ul>\n<div id=\"attachment_1256\" style=\"width: 1210px\" class=\"wp-caption aligncenter\"><img loading=\"lazy\" decoding=\"async\" aria-describedby=\"caption-attachment-1256\" class=\"wp-image-1256 size-full\" src=\"https:\/\/www.uw-film.de\/uf\/wp-content\/uploads\/2020\/09\/UW_vita.jpg\" alt=\"\" width=\"1200\" height=\"800\" srcset=\"https:\/\/www.uw-film.de\/uf\/wp-content\/uploads\/2020\/09\/UW_vita.jpg 1200w, https:\/\/www.uw-film.de\/uf\/wp-content\/uploads\/2020\/09\/UW_vita-300x200.jpg 300w, https:\/\/www.uw-film.de\/uf\/wp-content\/uploads\/2020\/09\/UW_vita-1024x683.jpg 1024w, https:\/\/www.uw-film.de\/uf\/wp-content\/uploads\/2020\/09\/UW_vita-768x512.jpg 768w, https:\/\/www.uw-film.de\/uf\/wp-content\/uploads\/2020\/09\/UW_vita-150x100.jpg 150w\" sizes=\"auto, (max-width: 1200px) 100vw, 1200px\" \/><p id=\"caption-attachment-1256\" class=\"wp-caption-text\">Foto: Sean Romanowski<\/p><\/div>\n<p>Referenzen:<\/p>\n<ul>\n<li>LuckyDivers<\/li>\n<li>Tekki School<\/li>\n<li>UK-Germany<\/li>\n<li>Tauchbasis Kreidesee Hemmoor<\/li>\n<li>Kreidesee EuroSub<\/li>\n<li>AquaProp (Bonex)<\/li>\n<li>SeaYa Unterwasserlampen<\/li>\n<li>Tauchservice M\u00fcnster<\/li>\n<li>WingsAndMore (UwaStar Lampen)<\/li>\n<li>Oceanex<\/li>\n<li>Carbon Scooter<\/li>\n<li>Taucher@Net<\/li>\n<li>rEvo Rebreathers<\/li>\n<li>TEC-Divesysteme<\/li>\n<li>TROCKIKLINIK<\/li>\n<li>Ostseebasis Seeblick (Rerik)<\/li>\n<li>Tauchbasis Stechlin (Neuglobsow)<\/li>\n<li>NDR<\/li>\n<li>Team Knallk\u00f6m<\/li>\n<li>Tauchsportzentrum Niederrhein<\/li>\n<li>tauch.versicherung<\/li>\n<li>DLRG Insel F\u00f6hr<\/li>\n<li>Dive2me Tauchshop<\/li>\n<li>MingaMedia<\/li>\n<li>JSR Animal Inhalation<\/li>\n<li>Lemon8 content &amp; communication GmbH<\/li>\n<\/ul>\n\n\n<figure class=\"wp-block-image size-large\"><img loading=\"lazy\" decoding=\"async\" width=\"717\" height=\"1024\" src=\"https:\/\/www.uw-film.de\/uf\/wp-content\/uploads\/2021\/10\/Vita_Logos-717x1024.jpg\" alt=\"\" class=\"wp-image-1353\" srcset=\"https:\/\/www.uw-film.de\/uf\/wp-content\/uploads\/2021\/10\/Vita_Logos-717x1024.jpg 717w, https:\/\/www.uw-film.de\/uf\/wp-content\/uploads\/2021\/10\/Vita_Logos-210x300.jpg 210w, https:\/\/www.uw-film.de\/uf\/wp-content\/uploads\/2021\/10\/Vita_Logos-768x1098.jpg 768w, https:\/\/www.uw-film.de\/uf\/wp-content\/uploads\/2021\/10\/Vita_Logos-1075x1536.jpg 1075w, https:\/\/www.uw-film.de\/uf\/wp-content\/uploads\/2021\/10\/Vita_Logos-105x150.jpg 105w, https:\/\/www.uw-film.de\/uf\/wp-content\/uploads\/2021\/10\/Vita_Logos.jpg 1200w\" sizes=\"auto, (max-width: 717px) 100vw, 717px\" \/><\/figure>\n","protected":false},"excerpt":{"rendered":"<p>2024: Dreh &amp; Schnitt von 12 Interviews auf der BOOT in D\u00fcsseldorf f\u00fcr Taucher@Net, Aufnahmen f\u00fcr Spiegel-TV zur Dokumentation Deutschlands Gr\u00f6\u00dfte Geheimnisse bei Kabel Eins 2023: 45min Tauchernet Reportage zur BOOT in D\u00fcsseldorf inklusive der erstmaligen Vergabe der Dive Awards in Halle 12, Video Dokumentation &#8222;Portland Cement Fabrik Hemmoor&#8220; mit\u2026<\/p>\n<p class=\"continue-reading-button\"> <a class=\"continue-reading-link\" href=\"https:\/\/www.uw-film.de\/?page_id=605\">Weiter lesen &#8230;<i class=\"crycon-right-dir\"><\/i><\/a><\/p>\n","protected":false},"author":1,"featured_media":0,"parent":0,"menu_order":2,"comment_status":"closed","ping_status":"closed","template":"","meta":{"footnotes":""},"class_list":["post-605","page","type-page","status-publish","hentry"],"_links":{"self":[{"href":"https:\/\/www.uw-film.de\/index.php?rest_route=\/wp\/v2\/pages\/605","targetHints":{"allow":["GET"]}}],"collection":[{"href":"https:\/\/www.uw-film.de\/index.php?rest_route=\/wp\/v2\/pages"}],"about":[{"href":"https:\/\/www.uw-film.de\/index.php?rest_route=\/wp\/v2\/types\/page"}],"author":[{"embeddable":true,"href":"https:\/\/www.uw-film.de\/index.php?rest_route=\/wp\/v2\/users\/1"}],"replies":[{"embeddable":true,"href":"https:\/\/www.uw-film.de\/index.php?rest_route=%2Fwp%2Fv2%2Fcomments&post=605"}],"version-history":[{"count":53,"href":"https:\/\/www.uw-film.de\/index.php?rest_route=\/wp\/v2\/pages\/605\/revisions"}],"predecessor-version":[{"id":1549,"href":"https:\/\/www.uw-film.de\/index.php?rest_route=\/wp\/v2\/pages\/605\/revisions\/1549"}],"wp:attachment":[{"href":"https:\/\/www.uw-film.de\/index.php?rest_route=%2Fwp%2Fv2%2Fmedia&parent=605"}],"curies":[{"name":"wp","href":"https:\/\/api.w.org\/{rel}","templated":true}]}}