{"id":35,"date":"2015-02-15T15:48:26","date_gmt":"2015-02-15T15:48:26","guid":{"rendered":"https:\/\/www.uw-film.de\/uf\/?page_id=35"},"modified":"2022-12-30T11:15:21","modified_gmt":"2022-12-30T10:15:21","slug":"video-projekte","status":"publish","type":"page","link":"https:\/\/www.uw-film.de\/?page_id=35","title":{"rendered":"Video Projekte"},"content":{"rendered":"<p>Informationen zu bereits abgeschlossenen oder laufenden Videoprojekten k\u00f6nnen \u00fcber das jeweilige Untermen\u00fc aufgerufen werden.<\/p>\n<div id=\"attachment_1432\" style=\"width: 1049px\" class=\"wp-caption aligncenter\"><img loading=\"lazy\" decoding=\"async\" aria-describedby=\"caption-attachment-1432\" class=\"wp-image-1432 size-full\" src=\"https:\/\/www.uw-film.de\/uf\/wp-content\/uploads\/2022\/12\/Collage2022.jpg\" alt=\"\" width=\"1039\" height=\"725\" srcset=\"https:\/\/www.uw-film.de\/uf\/wp-content\/uploads\/2022\/12\/Collage2022.jpg 1039w, https:\/\/www.uw-film.de\/uf\/wp-content\/uploads\/2022\/12\/Collage2022-300x209.jpg 300w, https:\/\/www.uw-film.de\/uf\/wp-content\/uploads\/2022\/12\/Collage2022-1024x715.jpg 1024w, https:\/\/www.uw-film.de\/uf\/wp-content\/uploads\/2022\/12\/Collage2022-768x536.jpg 768w, https:\/\/www.uw-film.de\/uf\/wp-content\/uploads\/2022\/12\/Collage2022-150x105.jpg 150w\" sizes=\"auto, (max-width: 1039px) 100vw, 1039px\" \/><p id=\"caption-attachment-1432\" class=\"wp-caption-text\">Collage 2022<\/p><\/div>\n<div id=\"attachment_1377\" style=\"width: 1049px\" class=\"wp-caption aligncenter\"><img loading=\"lazy\" decoding=\"async\" aria-describedby=\"caption-attachment-1377\" class=\"wp-image-1377 size-full\" src=\"https:\/\/www.uw-film.de\/uf\/wp-content\/uploads\/2021\/12\/Collage2021.jpg\" alt=\"\" width=\"1039\" height=\"725\" srcset=\"https:\/\/www.uw-film.de\/uf\/wp-content\/uploads\/2021\/12\/Collage2021.jpg 1039w, https:\/\/www.uw-film.de\/uf\/wp-content\/uploads\/2021\/12\/Collage2021-300x209.jpg 300w, https:\/\/www.uw-film.de\/uf\/wp-content\/uploads\/2021\/12\/Collage2021-1024x715.jpg 1024w, https:\/\/www.uw-film.de\/uf\/wp-content\/uploads\/2021\/12\/Collage2021-768x536.jpg 768w, https:\/\/www.uw-film.de\/uf\/wp-content\/uploads\/2021\/12\/Collage2021-150x105.jpg 150w\" sizes=\"auto, (max-width: 1039px) 100vw, 1039px\" \/><p id=\"caption-attachment-1377\" class=\"wp-caption-text\">Collage 2021<\/p><\/div>\n<div id=\"attachment_1293\" style=\"width: 1049px\" class=\"wp-caption aligncenter\"><img loading=\"lazy\" decoding=\"async\" aria-describedby=\"caption-attachment-1293\" class=\"wp-image-1293 size-full\" src=\"https:\/\/www.uw-film.de\/uf\/wp-content\/uploads\/2020\/12\/Collage2020.jpg\" alt=\"\" width=\"1039\" height=\"725\" srcset=\"https:\/\/www.uw-film.de\/uf\/wp-content\/uploads\/2020\/12\/Collage2020.jpg 1039w, https:\/\/www.uw-film.de\/uf\/wp-content\/uploads\/2020\/12\/Collage2020-300x209.jpg 300w, https:\/\/www.uw-film.de\/uf\/wp-content\/uploads\/2020\/12\/Collage2020-1024x715.jpg 1024w, https:\/\/www.uw-film.de\/uf\/wp-content\/uploads\/2020\/12\/Collage2020-768x536.jpg 768w, https:\/\/www.uw-film.de\/uf\/wp-content\/uploads\/2020\/12\/Collage2020-150x105.jpg 150w\" sizes=\"auto, (max-width: 1039px) 100vw, 1039px\" \/><p id=\"caption-attachment-1293\" class=\"wp-caption-text\">Collage 2020<\/p><\/div>\n<div id=\"attachment_1244\" style=\"width: 1049px\" class=\"wp-caption aligncenter\"><img loading=\"lazy\" decoding=\"async\" aria-describedby=\"caption-attachment-1244\" class=\"wp-image-1244 size-full\" src=\"https:\/\/www.uw-film.de\/uf\/wp-content\/uploads\/2020\/08\/Collage2019.jpg\" alt=\"\" width=\"1039\" height=\"725\" srcset=\"https:\/\/www.uw-film.de\/uf\/wp-content\/uploads\/2020\/08\/Collage2019.jpg 1039w, https:\/\/www.uw-film.de\/uf\/wp-content\/uploads\/2020\/08\/Collage2019-300x209.jpg 300w, https:\/\/www.uw-film.de\/uf\/wp-content\/uploads\/2020\/08\/Collage2019-1024x715.jpg 1024w, https:\/\/www.uw-film.de\/uf\/wp-content\/uploads\/2020\/08\/Collage2019-768x536.jpg 768w, https:\/\/www.uw-film.de\/uf\/wp-content\/uploads\/2020\/08\/Collage2019-150x105.jpg 150w\" sizes=\"auto, (max-width: 1039px) 100vw, 1039px\" \/><p id=\"caption-attachment-1244\" class=\"wp-caption-text\">Collage 2019<\/p><\/div>\n<div id=\"attachment_1048\" style=\"width: 1049px\" class=\"wp-caption aligncenter\"><img loading=\"lazy\" decoding=\"async\" aria-describedby=\"caption-attachment-1048\" class=\"wp-image-1048 size-full\" src=\"https:\/\/www.uw-film.de\/uf\/wp-content\/uploads\/2018\/12\/Collage2018.jpg\" alt=\"\" width=\"1039\" height=\"725\" srcset=\"https:\/\/www.uw-film.de\/uf\/wp-content\/uploads\/2018\/12\/Collage2018.jpg 1039w, https:\/\/www.uw-film.de\/uf\/wp-content\/uploads\/2018\/12\/Collage2018-300x209.jpg 300w, https:\/\/www.uw-film.de\/uf\/wp-content\/uploads\/2018\/12\/Collage2018-768x536.jpg 768w, https:\/\/www.uw-film.de\/uf\/wp-content\/uploads\/2018\/12\/Collage2018-1024x715.jpg 1024w, https:\/\/www.uw-film.de\/uf\/wp-content\/uploads\/2018\/12\/Collage2018-150x105.jpg 150w\" sizes=\"auto, (max-width: 1039px) 100vw, 1039px\" \/><p id=\"caption-attachment-1048\" class=\"wp-caption-text\">Collage 2018<\/p><\/div>\n<div id=\"attachment_806\" style=\"width: 760px\" class=\"wp-caption aligncenter\"><img loading=\"lazy\" decoding=\"async\" aria-describedby=\"caption-attachment-806\" class=\"wp-image-806 size-large\" src=\"https:\/\/www.uw-film.de\/uf\/wp-content\/uploads\/2017\/12\/Collage2017-1024x715.jpg\" alt=\"\" width=\"750\" height=\"524\" srcset=\"https:\/\/www.uw-film.de\/uf\/wp-content\/uploads\/2017\/12\/Collage2017-1024x715.jpg 1024w, https:\/\/www.uw-film.de\/uf\/wp-content\/uploads\/2017\/12\/Collage2017-300x209.jpg 300w, https:\/\/www.uw-film.de\/uf\/wp-content\/uploads\/2017\/12\/Collage2017-768x536.jpg 768w, https:\/\/www.uw-film.de\/uf\/wp-content\/uploads\/2017\/12\/Collage2017-150x105.jpg 150w, https:\/\/www.uw-film.de\/uf\/wp-content\/uploads\/2017\/12\/Collage2017.jpg 1039w\" sizes=\"auto, (max-width: 750px) 100vw, 750px\" \/><p id=\"caption-attachment-806\" class=\"wp-caption-text\">Collage 2017<\/p><\/div>\n<div id=\"attachment_601\" style=\"width: 760px\" class=\"wp-caption alignnone\"><img loading=\"lazy\" decoding=\"async\" aria-describedby=\"caption-attachment-601\" class=\"wp-image-601 size-large\" src=\"https:\/\/www.uw-film.de\/uf\/wp-content\/uploads\/2015\/02\/Collage2016-1024x715.jpg\" alt=\"\" width=\"750\" height=\"524\" srcset=\"https:\/\/www.uw-film.de\/uf\/wp-content\/uploads\/2015\/02\/Collage2016-1024x715.jpg 1024w, https:\/\/www.uw-film.de\/uf\/wp-content\/uploads\/2015\/02\/Collage2016-300x209.jpg 300w, https:\/\/www.uw-film.de\/uf\/wp-content\/uploads\/2015\/02\/Collage2016-768x536.jpg 768w, https:\/\/www.uw-film.de\/uf\/wp-content\/uploads\/2015\/02\/Collage2016-150x105.jpg 150w, https:\/\/www.uw-film.de\/uf\/wp-content\/uploads\/2015\/02\/Collage2016.jpg 1039w\" sizes=\"auto, (max-width: 750px) 100vw, 750px\" \/><p id=\"caption-attachment-601\" class=\"wp-caption-text\">Collage 2016<\/p><\/div>\n<div id=\"attachment_467\" style=\"width: 760px\" class=\"wp-caption aligncenter\"><img loading=\"lazy\" decoding=\"async\" aria-describedby=\"caption-attachment-467\" class=\"wp-image-467 size-large\" src=\"https:\/\/www.uw-film.de\/uf\/wp-content\/uploads\/2015\/02\/Collage-1024x715.jpg\" width=\"750\" height=\"524\" srcset=\"https:\/\/www.uw-film.de\/uf\/wp-content\/uploads\/2015\/02\/Collage-1024x715.jpg 1024w, https:\/\/www.uw-film.de\/uf\/wp-content\/uploads\/2015\/02\/Collage-300x209.jpg 300w, https:\/\/www.uw-film.de\/uf\/wp-content\/uploads\/2015\/02\/Collage-768x536.jpg 768w, https:\/\/www.uw-film.de\/uf\/wp-content\/uploads\/2015\/02\/Collage-150x105.jpg 150w, https:\/\/www.uw-film.de\/uf\/wp-content\/uploads\/2015\/02\/Collage.jpg 1039w\" sizes=\"auto, (max-width: 750px) 100vw, 750px\" \/><p id=\"caption-attachment-467\" class=\"wp-caption-text\">Collage 2015<\/p><\/div>\n","protected":false},"excerpt":{"rendered":"<p>Informationen zu bereits abgeschlossenen oder laufenden Videoprojekten k\u00f6nnen \u00fcber das jeweilige Untermen\u00fc aufgerufen werden.<\/p>\n<p class=\"continue-reading-button\"> <a class=\"continue-reading-link\" href=\"https:\/\/www.uw-film.de\/?page_id=35\">Weiter lesen &#8230;<i class=\"crycon-right-dir\"><\/i><\/a><\/p>\n","protected":false},"author":1,"featured_media":0,"parent":0,"menu_order":1,"comment_status":"closed","ping_status":"closed","template":"","meta":{"footnotes":""},"class_list":["post-35","page","type-page","status-publish","hentry"],"_links":{"self":[{"href":"https:\/\/www.uw-film.de\/index.php?rest_route=\/wp\/v2\/pages\/35","targetHints":{"allow":["GET"]}}],"collection":[{"href":"https:\/\/www.uw-film.de\/index.php?rest_route=\/wp\/v2\/pages"}],"about":[{"href":"https:\/\/www.uw-film.de\/index.php?rest_route=\/wp\/v2\/types\/page"}],"author":[{"embeddable":true,"href":"https:\/\/www.uw-film.de\/index.php?rest_route=\/wp\/v2\/users\/1"}],"replies":[{"embeddable":true,"href":"https:\/\/www.uw-film.de\/index.php?rest_route=%2Fwp%2Fv2%2Fcomments&post=35"}],"version-history":[{"count":29,"href":"https:\/\/www.uw-film.de\/index.php?rest_route=\/wp\/v2\/pages\/35\/revisions"}],"predecessor-version":[{"id":1435,"href":"https:\/\/www.uw-film.de\/index.php?rest_route=\/wp\/v2\/pages\/35\/revisions\/1435"}],"wp:attachment":[{"href":"https:\/\/www.uw-film.de\/index.php?rest_route=%2Fwp%2Fv2%2Fmedia&parent=35"}],"curies":[{"name":"wp","href":"https:\/\/api.w.org\/{rel}","templated":true}]}}