{"id":155,"date":"2015-02-18T20:32:20","date_gmt":"2015-02-18T17:32:20","guid":{"rendered":"https:\/\/www.uw-film.de\/?page_id=155"},"modified":"2023-02-28T14:48:43","modified_gmt":"2023-02-28T13:48:43","slug":"leistungen-2","status":"publish","type":"page","link":"https:\/\/www.uw-film.de\/?page_id=155","title":{"rendered":"Leistungen"},"content":{"rendered":"\n<p><\/p>\n\n\n<p><strong>Erstellung von Unterwasseraufnahmen<br \/><\/strong><br \/>f\u00fcr<\/p>\n<ul>\n<li>Forschungs- und Tauchexpeditionen<\/li>\n<li>Offshore und Tauchindustrie<\/li>\n<li>Schifffahrt<\/li>\n<li>Weitere Bereiche auf Anfrage<\/li>\n<\/ul>\n<p>Lieferung: Rohmaterial Format XAVC-S bis 4k 25\/50\/100fps (MP4) oder<br \/>Erstellung eines vollst\u00e4ndigen Films nach Absprache <\/p>\n<p>Dreharbeiten: Tagessatz nach Vereinbarung plus Technik- und Nebenkosten (Gase, Geb\u00fchren, Spesen &#8230;)<br \/>Postproduktion: Festpreis nach Aufwandssch\u00e4tzung und Abstimmung des Inhaltes<\/p>\n<p>\u00a0<\/p>\n<p><strong>Erstellung von Image Filmen<\/strong><\/p>\n<p>f\u00fcr<\/p>\n<ul>\n<li>Tauchschulen bzw. Tauchbasen<\/li>\n<li>Hersteller oder Service Dienstleister der Tauchindustrie<\/li>\n<li>Weitere Bereiche auf Anfrage<\/li>\n<\/ul>\n<p>Lieferung: MP4 in 1080p50 oder 4k25p<\/p>\n<p>Dreharbeiten und Postproduktion: Festpreis nach Aufwandssch\u00e4tzung und Abstimmung des Inhaltes<\/p>\n<p>\u00a0<\/p>\n<p><strong>Begleitung von Tauchtouren<\/strong><\/p>\n<p>f\u00fcr<\/p>\n<ul>\n<li>Tauchsafaris<\/li>\n<li>Gruppenreisen<\/li>\n<li>Tagestouren<\/li>\n<\/ul>\n<p>Lieferung: Rohmaterial Format XAVC-S bis 4k 25\/50\/100fps (MP4) oder<br \/>Erstellung eines vollst\u00e4ndigen Films nach Absprache<\/p>\n<p>Dreharbeiten: Tagessatz nach Vereinbarung plus Technik- und Nebenkosten (Gase, Geb\u00fchren, Spesen &#8230;)<br \/>Postproduktion: Festpreis nach Aufwandssch\u00e4tzung und Abstimmung des Inhaltes<\/p>\n<p>\u00a0<\/p>\n<p><strong>Making of Service<\/strong><\/p>\n<p>f\u00fcr<\/p>\n<ul>\n<li>Filmproduktionen\u00a0Unterwasser<\/li>\n<li>Dokumentarfilmproduktionen und Reportagen<\/li>\n<li>Weitere Bereiche auf Anfrage<\/li>\n<\/ul>\n<p>Lieferung: Rohmaterial Format XAVC-S bis 4k 25\/50\/100fps (MP4) oder<br \/>Erstellung eines vollst\u00e4ndigen Films nach Absprache<\/p>\n<p>Dreharbeiten: Tagessatz nach Vereinbarung plus Technik- und Nebenkosten (Gase, Geb\u00fchren, Spesen &#8230;)<br \/>Postproduktion: Festpreis nach Aufwandssch\u00e4tzung und Abstimmung des Inhaltes<\/p>\n<p>Auf Anfrage versende ich eine Preisliste bzw. erstelle f\u00fcr jeden Einsatzbereich ein individuelles Angebot.<\/p>\n<p>\u00a0<\/p>\n<p><strong>Filmen Unterwasser (Video Kurse)<\/strong><\/p>\n<p>f\u00fcr ambitionierte Hobbyfilmer und Action Cam Benutzer<\/p>\n<ul>\n<li>Grundlagenkurs Unterwasservideos &#8211; Tipps aus der Praxis (3 Stunden)<\/li>\n<li>Praxisworkshop zur Anwendung der o.g. Grundlagen (2 Tauchg\u00e4nge)<\/li>\n<li>Kombikurs mit Theorie- und Praxisteil (2 Tage, 2-3 Tauchg\u00e4nge)<\/li>\n<\/ul>\n<p>Details zum Inhalt, Preise und eine Kursbeschreibung werden bei Nachfrage per Mail versandt.<\/p>","protected":false},"excerpt":{"rendered":"<p>Erstellung von Unterwasseraufnahmenf\u00fcr Forschungs- und Tauchexpeditionen Offshore und Tauchindustrie Schifffahrt Weitere Bereiche auf Anfrage Lieferung: Rohmaterial Format XAVC-S bis 4k 25\/50\/100fps (MP4) oderErstellung eines vollst\u00e4ndigen Films nach Absprache Dreharbeiten: Tagessatz nach Vereinbarung plus Technik- und Nebenkosten (Gase, Geb\u00fchren, Spesen &#8230;)Postproduktion: Festpreis nach Aufwandssch\u00e4tzung und Abstimmung des Inhaltes \u00a0 Erstellung von\u2026<\/p>\n<p class=\"continue-reading-button\"> <a class=\"continue-reading-link\" href=\"https:\/\/www.uw-film.de\/?page_id=155\">Weiter lesen &#8230;<i class=\"crycon-right-dir\"><\/i><\/a><\/p>\n","protected":false},"author":1,"featured_media":0,"parent":0,"menu_order":0,"comment_status":"closed","ping_status":"closed","template":"","meta":{"footnotes":""},"class_list":["post-155","page","type-page","status-publish","hentry"],"_links":{"self":[{"href":"https:\/\/www.uw-film.de\/index.php?rest_route=\/wp\/v2\/pages\/155","targetHints":{"allow":["GET"]}}],"collection":[{"href":"https:\/\/www.uw-film.de\/index.php?rest_route=\/wp\/v2\/pages"}],"about":[{"href":"https:\/\/www.uw-film.de\/index.php?rest_route=\/wp\/v2\/types\/page"}],"author":[{"embeddable":true,"href":"https:\/\/www.uw-film.de\/index.php?rest_route=\/wp\/v2\/users\/1"}],"replies":[{"embeddable":true,"href":"https:\/\/www.uw-film.de\/index.php?rest_route=%2Fwp%2Fv2%2Fcomments&post=155"}],"version-history":[{"count":26,"href":"https:\/\/www.uw-film.de\/index.php?rest_route=\/wp\/v2\/pages\/155\/revisions"}],"predecessor-version":[{"id":1470,"href":"https:\/\/www.uw-film.de\/index.php?rest_route=\/wp\/v2\/pages\/155\/revisions\/1470"}],"wp:attachment":[{"href":"https:\/\/www.uw-film.de\/index.php?rest_route=%2Fwp%2Fv2%2Fmedia&parent=155"}],"curies":[{"name":"wp","href":"https:\/\/api.w.org\/{rel}","templated":true}]}}