{"id":1522,"date":"2024-08-18T20:59:58","date_gmt":"2024-08-18T19:59:58","guid":{"rendered":"https:\/\/www.uw-film.de\/?page_id=1522"},"modified":"2024-08-18T21:10:26","modified_gmt":"2024-08-18T20:10:26","slug":"das-geheimnis-in-der-tiefe-die-mig-17-im-schweriner-see","status":"publish","type":"page","link":"https:\/\/www.uw-film.de\/?page_id=1522","title":{"rendered":"Das Geheimnis in der Tiefe &#8211; Die MiG-17 im Schweriner See"},"content":{"rendered":"\n<p>Seit 1957 ruht ein Flugzeugwrack auf dem Grund des Schweriner Sees. Bereits in den 90iger Jahren wurde die Maschine rein zuf\u00e4llig vom bekannten Unterwasserarch\u00e4ologen Klaus Keppler entdeckt, der eigentlich auf der Suche nach einer Focke-Wulf 190D war. Die Findungsposition geriet jedoch in Vergessenheit, so dass Wrackforscher und Euronaut Erbauer Carsten Standu\u00df mit den ungef\u00e4hren Angaben in 2006 das Flugzeugwrack erneut ausfindig machen konnte. Die \u00d6ffentlichkeit nahm wenig bis keine Notiz davon. Daher war der erneute Fund durch Forschungstaucher der Uni Rostock 2013 in den Taucherkreisen eine kleine Sensation. Obwohl nun die Maschine unter bestimmten Voraussetzungen seit 2016 betaucht werden kann (die Postion wird bis heute nicht \u00f6ffentlich gemacht), wurde die MiG bisher nicht genau identifiziert. Daher machten sich drei Hobbyarch\u00e4ologen und Freunde auf die Suche nach Fakten, recherchierten auf ehemaligen Milit\u00e4rflugpl\u00e4tzen und sprachen mit Milit\u00e4rhistorikern und befragten Zeitzeugen &#8230; Ob das Geheimnis gel\u00f6st wurde?<\/p>\n\n\n\n<p>+++ Teaser zur Film Doku +++<\/p>\n\n\n<figure class=\"wp-block-embed-youtube wp-block-embed is-type-video is-provider-youtube wp-embed-aspect-16-9 wp-has-aspect-ratio\"><div class=\"lyte-wrapper\" style=\"width:640px;max-width:100%;margin:5px auto;\"><div class=\"lyMe\" id=\"WYL_ms4N0rTghrY\"><div id=\"lyte_ms4N0rTghrY\" data-src=\"https:\/\/www.uw-film.de\/uf\/wp-content\/plugins\/wp-youtube-lyte\/lyteCache.php?origThumbUrl=%2F%2Fi.ytimg.com%2Fvi%2Fms4N0rTghrY%2Fhqdefault.jpg\" class=\"pL\"><div class=\"tC\"><div class=\"tT\"><\/div><\/div><div class=\"play\"><\/div><div class=\"ctrl\"><div class=\"Lctrl\"><\/div><div class=\"Rctrl\"><\/div><\/div><\/div><noscript><a href=\"https:\/\/youtu.be\/ms4N0rTghrY\" rel=\"nofollow\"><img loading=\"lazy\" decoding=\"async\" src=\"https:\/\/www.uw-film.de\/uf\/wp-content\/plugins\/wp-youtube-lyte\/lyteCache.php?origThumbUrl=https%3A%2F%2Fi.ytimg.com%2Fvi%2Fms4N0rTghrY%2F0.jpg\" alt=\"YouTube-Video-Vorschaubild\" width=\"640\" height=\"340\" \/><br \/>Dieses Video auf YouTube ansehen<\/a><\/noscript><\/div><\/div><div class=\"lL\" style=\"max-width:100%;width:640px;margin:5px auto;\"><br\/><span class=\"lyte_disclaimer\">Diese Webseite verwendet YouTube Lyte. Es wird nur das Vorschaubild von YouTube geladen. Mit dem Klick zum Abspielen des Videos gelten die Datenschutzbestimmungen von Google.<\/span><\/div><figcaption><\/figcaption><\/figure>\n\n\n<p>Mit:<br>Elmar Klemm, Alexey Konovalov, Dr. J\u00fcrgen Willisch, Peter Schr\u00f6der, Ingo Oppelt, Mario Kosielowsky<\/p>\n\n\n\n<p>Mit freundlicher Unterst\u00fctzung von:<br>Flugplatzmuseum Cottbus e.V. Dirk Schr\u00f6der, Luftfahrttechnisches Museum Rechlin e.V. Torsten Heinrichs, Carsten Standfu\u00df, Frank West (Drohnenaufnahmen)  <\/p>\n\n\n\n<p>Fotos vom Filmdreh<\/p>\n\n\n\n<style id=\"bwg-style-0\">    #bwg_container1_0 #bwg_container2_0 .bwg-container-0.bwg-standard-thumbnails {      width: 1004px;              justify-content: center;        margin:0 auto !important;              background-color: rgba(255, 255, 255, 0.00);            padding-left: 4px;      padding-top: 4px;      max-width: 100%;            }        #bwg_container1_0 #bwg_container2_0 .bwg-container-0.bwg-standard-thumbnails .bwg-item {    justify-content: flex-start;      max-width: 200px;          }    #bwg_container1_0 #bwg_container2_0 .bwg-container-0.bwg-standard-thumbnails .bwg-item a {       margin-right: 4px;       margin-bottom: 4px;    }    #bwg_container1_0 #bwg_container2_0 .bwg-container-0.bwg-standard-thumbnails .bwg-item0 {      padding: 0px;            background-color:rgba(255,255,255, 0.30);      border: 0px none #CCCCCC;      opacity: 1.00;      border-radius: 0;      box-shadow: 0px 0px 0px #888888;    }    #bwg_container1_0 #bwg_container2_0 .bwg-container-0.bwg-standard-thumbnails .bwg-item1 img {      max-height: none;      max-width: none;      padding: 0 !important;    }        @media only screen and (min-width: 480px) {      #bwg_container1_0 #bwg_container2_0 .bwg-container-0.bwg-standard-thumbnails .bwg-item0 {        transition: all 0.3s ease 0s;-webkit-transition: all 0.3s ease 0s;      }      #bwg_container1_0 #bwg_container2_0 .bwg-container-0.bwg-standard-thumbnails .bwg-item0:hover {        -ms-transform: scale(1.1);        -webkit-transform: scale(1.1);        transform: scale(1.1);      }    }          #bwg_container1_0 #bwg_container2_0 .bwg-container-0.bwg-standard-thumbnails .bwg-item1 {      padding-top: 56%;    }        #bwg_container1_0 #bwg_container2_0 .bwg-container-0.bwg-standard-thumbnails .bwg-title2,    #bwg_container1_0 #bwg_container2_0 .bwg-container-0.bwg-standard-thumbnails .bwg-ecommerce2 {      color: #CCCCCC;      font-family: segoe ui;      font-size: 16px;      font-weight: bold;      padding: 2px;      text-shadow: 0px 0px 0px #888888;      max-height: 100%;    }    #bwg_container1_0 #bwg_container2_0 .bwg-container-0.bwg-standard-thumbnails .bwg-thumb-description span {    color: #323A45;    font-family: Ubuntu;    font-size: 12px;    max-height: 100%;    word-wrap: break-word;    }    #bwg_container1_0 #bwg_container2_0 .bwg-container-0.bwg-standard-thumbnails .bwg-play-icon2 {      font-size: 32px;    }    #bwg_container1_0 #bwg_container2_0 .bwg-container-0.bwg-standard-thumbnails .bwg-ecommerce2 {      font-size: 19.2px;      color: #CCCCCC;    }    <\/style>    <div id=\"bwg_container1_0\"         class=\"bwg_container bwg_thumbnail bwg_thumbnails \"         data-right-click-protection=\"1\"         data-bwg=\"0\"         data-scroll=\"0\"         data-gallery-type=\"thumbnails\"         data-gallery-view-type=\"thumbnails\"         data-current-url=\"\/index.php?rest_route=%2Fwp%2Fv2%2Fpages%2F1522\"         data-lightbox-url=\"https:\/\/www.uw-film.de\/uf\/wp-admin\/admin-ajax.php?action=GalleryBox&#038;current_view=0&#038;gallery_id=62&#038;tag=0&#038;theme_id=1&#038;shortcode_id=128&#038;sort_by=filename&#038;order_by=asc&#038;current_url=%2Findex.php%3Frest_route%3D%252Fwp%252Fv2%252Fpages%252F1522\"         data-gallery-id=\"62\"         data-popup-width=\"1200\"         data-popup-height=\"675\"         data-is-album=\"gallery\"         data-buttons-position=\"bottom\">      <div id=\"bwg_container2_0\">             <div id=\"ajax_loading_0\" class=\"bwg_loading_div_1\">      <div class=\"bwg_loading_div_2\">        <div class=\"bwg_loading_div_3\">          <div id=\"loading_div_0\" class=\"bwg_spider_ajax_loading\">          <\/div>        <\/div>      <\/div>    <\/div>            <form id=\"gal_front_form_0\"              class=\"bwg-hidden\"              method=\"post\"              action=\"#\"              data-current=\"0\"              data-shortcode-id=\"128\"              data-gallery-type=\"thumbnails\"              data-gallery-id=\"62\"              data-tag=\"0\"              data-album-id=\"0\"              data-theme-id=\"1\"              data-ajax-url=\"https:\/\/www.uw-film.de\/uf\/wp-admin\/admin-ajax.php?action=bwg_frontend_data\">          <div id=\"bwg_container3_0\" class=\"bwg-background bwg-background-0\">                <div data-max-count=\"5\"         data-thumbnail-width=\"200\"         data-bwg=\"0\"         data-gallery-id=\"62\"         data-lightbox-url=\"https:\/\/www.uw-film.de\/uf\/wp-admin\/admin-ajax.php?action=GalleryBox&amp;current_view=0&amp;gallery_id=62&amp;tag=0&amp;theme_id=1&amp;shortcode_id=128&amp;sort_by=filename&amp;order_by=asc&amp;current_url=%2Findex.php%3Frest_route%3D%252Fwp%252Fv2%252Fpages%252F1522\"         id=\"bwg_thumbnails_0\"         class=\"bwg-container-0 bwg-thumbnails bwg-standard-thumbnails bwg-container bwg-border-box\">            <div class=\"bwg-item\">        <a class=\"bwg-a  bwg_lightbox\"  data-image-id=\"930\" href=\"https:\/\/www.uw-film.de\/uf\/wp-content\/uploads\/photo-gallery\/MiG-17\/MiG-Dreh_01.jpg?bwg=1724010256\" data-elementor-open-lightbox=\"no\">                <div class=\"bwg-item0 \">          <div class=\"bwg-item1 \">            <div class=\"bwg-item2\">              <img decoding=\"async\" class=\"skip-lazy bwg_standart_thumb_img_0 \"                   data-id=\"930\"                   data-width=\"149.00\"                   data-height=\"112.00\"                   data-src=\"https:\/\/www.uw-film.de\/uf\/wp-content\/uploads\/photo-gallery\/MiG-17\/thumb\/MiG-Dreh_01.jpg?bwg=1724010256\"                   src=\"https:\/\/www.uw-film.de\/uf\/wp-content\/uploads\/photo-gallery\/MiG-17\/thumb\/MiG-Dreh_01.jpg?bwg=1724010256\"                   alt=\"MiG-Dreh 01\"                   title=\"MiG-Dreh 01\" \/>            <\/div>            <div class=\"\">                                                      <\/div>          <\/div>        <\/div>                        <\/a>              <\/div>            <div class=\"bwg-item\">        <a class=\"bwg-a  bwg_lightbox\"  data-image-id=\"931\" href=\"https:\/\/www.uw-film.de\/uf\/wp-content\/uploads\/photo-gallery\/MiG-17\/MiG-Dreh_02.jpg?bwg=1724010256\" data-elementor-open-lightbox=\"no\">                <div class=\"bwg-item0 \">          <div class=\"bwg-item1 \">            <div class=\"bwg-item2\">              <img decoding=\"async\" class=\"skip-lazy bwg_standart_thumb_img_0 \"                   data-id=\"931\"                   data-width=\"143.00\"                   data-height=\"112.00\"                   data-src=\"https:\/\/www.uw-film.de\/uf\/wp-content\/uploads\/photo-gallery\/MiG-17\/thumb\/MiG-Dreh_02.jpg?bwg=1724010256\"                   src=\"https:\/\/www.uw-film.de\/uf\/wp-content\/uploads\/photo-gallery\/MiG-17\/thumb\/MiG-Dreh_02.jpg?bwg=1724010256\"                   alt=\"MiG-Dreh 02\"                   title=\"MiG-Dreh 02\" \/>            <\/div>            <div class=\"\">                                                      <\/div>          <\/div>        <\/div>                        <\/a>              <\/div>            <div class=\"bwg-item\">        <a class=\"bwg-a  bwg_lightbox\"  data-image-id=\"929\" href=\"https:\/\/www.uw-film.de\/uf\/wp-content\/uploads\/photo-gallery\/MiG-17\/MiG-Dreh_03.jpg?bwg=1724010256\" data-elementor-open-lightbox=\"no\">                <div class=\"bwg-item0 \">          <div class=\"bwg-item1 \">            <div class=\"bwg-item2\">              <img decoding=\"async\" class=\"skip-lazy bwg_standart_thumb_img_0 \"                   data-id=\"929\"                   data-width=\"149.00\"                   data-height=\"112.00\"                   data-src=\"https:\/\/www.uw-film.de\/uf\/wp-content\/uploads\/photo-gallery\/MiG-17\/thumb\/MiG-Dreh_03.jpg?bwg=1724010256\"                   src=\"https:\/\/www.uw-film.de\/uf\/wp-content\/uploads\/photo-gallery\/MiG-17\/thumb\/MiG-Dreh_03.jpg?bwg=1724010256\"                   alt=\"MiG-Dreh 03\"                   title=\"MiG-Dreh 03\" \/>            <\/div>            <div class=\"\">                                                      <\/div>          <\/div>        <\/div>                        <\/a>              <\/div>            <div class=\"bwg-item\">        <a class=\"bwg-a  bwg_lightbox\"  data-image-id=\"932\" href=\"https:\/\/www.uw-film.de\/uf\/wp-content\/uploads\/photo-gallery\/MiG-17\/MiG-Dreh_04.jpg?bwg=1724010256\" data-elementor-open-lightbox=\"no\">                <div class=\"bwg-item0 \">          <div class=\"bwg-item1 \">            <div class=\"bwg-item2\">              <img decoding=\"async\" class=\"skip-lazy bwg_standart_thumb_img_0 \"                   data-id=\"932\"                   data-width=\"149.00\"                   data-height=\"112.00\"                   data-src=\"https:\/\/www.uw-film.de\/uf\/wp-content\/uploads\/photo-gallery\/MiG-17\/thumb\/MiG-Dreh_04.jpg?bwg=1724010256\"                   src=\"https:\/\/www.uw-film.de\/uf\/wp-content\/uploads\/photo-gallery\/MiG-17\/thumb\/MiG-Dreh_04.jpg?bwg=1724010256\"                   alt=\"MiG-Dreh 04\"                   title=\"MiG-Dreh 04\" \/>            <\/div>            <div class=\"\">                                                      <\/div>          <\/div>        <\/div>                        <\/a>              <\/div>            <div class=\"bwg-item\">        <a class=\"bwg-a  bwg_lightbox\"  data-image-id=\"928\" href=\"https:\/\/www.uw-film.de\/uf\/wp-content\/uploads\/photo-gallery\/MiG-17\/MiG-Dreh_05.jpg?bwg=1724010316\" data-elementor-open-lightbox=\"no\">                <div class=\"bwg-item0 \">          <div class=\"bwg-item1 \">            <div class=\"bwg-item2\">              <img decoding=\"async\" class=\"skip-lazy bwg_standart_thumb_img_0 \"                   data-id=\"928\"                   data-width=\"345\"                   data-height=\"193\"                   data-src=\"https:\/\/www.uw-film.de\/uf\/wp-content\/uploads\/photo-gallery\/MiG-17\/thumb\/MiG-Dreh_05.jpg?bwg=1724010316\"                   src=\"https:\/\/www.uw-film.de\/uf\/wp-content\/uploads\/photo-gallery\/MiG-17\/thumb\/MiG-Dreh_05.jpg?bwg=1724010316\"                   alt=\"MiG-Dreh 05\"                   title=\"MiG-Dreh 05\" \/>            <\/div>            <div class=\"\">                                                      <\/div>          <\/div>        <\/div>                        <\/a>              <\/div>            <div class=\"bwg-item\">        <a class=\"bwg-a  bwg_lightbox\"  data-image-id=\"933\" href=\"https:\/\/www.uw-film.de\/uf\/wp-content\/uploads\/photo-gallery\/MiG-17\/MiG-Dreh_06.jpg?bwg=1724010256\" data-elementor-open-lightbox=\"no\">                <div class=\"bwg-item0 \">          <div class=\"bwg-item1 \">            <div class=\"bwg-item2\">              <img decoding=\"async\" class=\"skip-lazy bwg_standart_thumb_img_0 \"                   data-id=\"933\"                   data-width=\"149.00\"                   data-height=\"112.00\"                   data-src=\"https:\/\/www.uw-film.de\/uf\/wp-content\/uploads\/photo-gallery\/MiG-17\/thumb\/MiG-Dreh_06.jpg?bwg=1724010256\"                   src=\"https:\/\/www.uw-film.de\/uf\/wp-content\/uploads\/photo-gallery\/MiG-17\/thumb\/MiG-Dreh_06.jpg?bwg=1724010256\"                   alt=\"MiG-Dreh 06\"                   title=\"MiG-Dreh 06\" \/>            <\/div>            <div class=\"\">                                                      <\/div>          <\/div>        <\/div>                        <\/a>              <\/div>            <div class=\"bwg-item\">        <a class=\"bwg-a  bwg_lightbox\"  data-image-id=\"935\" href=\"https:\/\/www.uw-film.de\/uf\/wp-content\/uploads\/photo-gallery\/MiG-17\/MiG-Dreh_07.jpg?bwg=1724010256\" data-elementor-open-lightbox=\"no\">                <div class=\"bwg-item0 \">          <div class=\"bwg-item1 \">            <div class=\"bwg-item2\">              <img decoding=\"async\" class=\"skip-lazy bwg_standart_thumb_img_0 \"                   data-id=\"935\"                   data-width=\"168.00\"                   data-height=\"112.00\"                   data-src=\"https:\/\/www.uw-film.de\/uf\/wp-content\/uploads\/photo-gallery\/MiG-17\/thumb\/MiG-Dreh_07.jpg?bwg=1724010256\"                   src=\"https:\/\/www.uw-film.de\/uf\/wp-content\/uploads\/photo-gallery\/MiG-17\/thumb\/MiG-Dreh_07.jpg?bwg=1724010256\"                   alt=\"MiG-Dreh 07\"                   title=\"MiG-Dreh 07\" \/>            <\/div>            <div class=\"\">                                                      <\/div>          <\/div>        <\/div>                        <\/a>              <\/div>            <div class=\"bwg-item\">        <a class=\"bwg-a  bwg_lightbox\"  data-image-id=\"934\" href=\"https:\/\/www.uw-film.de\/uf\/wp-content\/uploads\/photo-gallery\/MiG-17\/MiG-Dreh_08.jpg?bwg=1724010256\" data-elementor-open-lightbox=\"no\">                <div class=\"bwg-item0 \">          <div class=\"bwg-item1 \">            <div class=\"bwg-item2\">              <img decoding=\"async\" class=\"skip-lazy bwg_standart_thumb_img_0 \"                   data-id=\"934\"                   data-width=\"168.00\"                   data-height=\"112.00\"                   data-src=\"https:\/\/www.uw-film.de\/uf\/wp-content\/uploads\/photo-gallery\/MiG-17\/thumb\/MiG-Dreh_08.jpg?bwg=1724010256\"                   src=\"https:\/\/www.uw-film.de\/uf\/wp-content\/uploads\/photo-gallery\/MiG-17\/thumb\/MiG-Dreh_08.jpg?bwg=1724010256\"                   alt=\"MiG-Dreh 08\"                   title=\"MiG-Dreh 08\" \/>            <\/div>            <div class=\"\">                                                      <\/div>          <\/div>        <\/div>                        <\/a>              <\/div>          <\/div>    <style>      \/*pagination styles*\/      #bwg_container1_0 #bwg_container2_0 .tablenav-pages_0 {\t\t\t\ttext-align: center;\t\t\t\tfont-size: 12px;\t\t\t\tfont-family: segoe ui;\t\t\t\tfont-weight: bold;\t\t\t\tcolor: #666666;\t\t\t\tmargin: 6px 0 4px;\t\t\t\tdisplay: block;      }      @media only screen and (max-width : 320px) {      #bwg_container1_0 #bwg_container2_0 .displaying-num_0 {     \t display: none;      }      }      #bwg_container1_0 #bwg_container2_0 .displaying-num_0 {\t\t\t\tfont-size: 12px;\t\t\t\tfont-family: segoe ui;\t\t\t\tfont-weight: bold;\t\t\t\tcolor: #666666;\t\t\t\tmargin-right: 10px;\t\t\t\tvertical-align: middle;      }      #bwg_container1_0 #bwg_container2_0 .paging-input_0 {\t\t\t\tfont-size: 12px;\t\t\t\tfont-family: segoe ui;\t\t\t\tfont-weight: bold;\t\t\t\tcolor: #666666;\t\t\t\tvertical-align: middle;      }      #bwg_container1_0 #bwg_container2_0 .tablenav-pages_0 a.disabled,      #bwg_container1_0 #bwg_container2_0 .tablenav-pages_0 a.disabled:hover,      #bwg_container1_0 #bwg_container2_0 .tablenav-pages_0 a.disabled:focus,\t\t\t#bwg_container1_0 #bwg_container2_0 .tablenav-pages_0 input.bwg_current_page {\t\t\t\tcursor: default;\t\t\t\tcolor: rgba(102, 102, 102, 0.5);      }      #bwg_container1_0 #bwg_container2_0 .tablenav-pages_0 a,      #bwg_container1_0 #bwg_container2_0 .tablenav-pages_0 input.bwg_current_page {\t\t\t\tcursor: pointer;\t\t\t\ttext-align: center;\t\t\t\tfont-size: 12px;\t\t\t\tfont-family: segoe ui;\t\t\t\tfont-weight: bold;\t\t\t\tcolor: #666666;\t\t\t\ttext-decoration: none;\t\t\t\tpadding: 3px 6px;\t\t\t\tmargin: 0;\t\t\t\tborder-radius: 0;\t\t\t\tborder-style: solid;\t\t\t\tborder-width: 1px;\t\t\t\tborder-color: #E3E3E3;\t\t\t\t\t\t\t\tbackground-color: rgba(255, 255, 255, 1.00);\t\t\t\tbox-shadow: 0;\t\t\t\ttransition: all 0.3s ease 0s;-webkit-transition: all 0.3s ease 0s;      }      <\/style>      <span class=\"bwg_nav_cont_0\">              <div class=\"tablenav-pages_0\">                  <\/div>                <input type=\"hidden\" id=\"page_number_0\" name=\"page_number_0\" value=\"1\" \/>      <script type=\"text\/javascript\">        if( jQuery('.bwg_nav_cont_0').length > 1 ) {          jQuery('.bwg_nav_cont_0').first().remove()        }        function spider_page_0(cur, x, y, load_more) {          if (typeof load_more == \"undefined\") {            var load_more = false;          }          if (jQuery(cur).hasClass('disabled')) {            return false;          }          var items_county_0 = 1;          switch (y) {            case 1:              if (x >= items_county_0) {                document.getElementById('page_number_0').value = items_county_0;              }              else {                document.getElementById('page_number_0').value = x + 1;              }              break;            case 2:              document.getElementById('page_number_0').value = items_county_0;              break;            case -1:              if (x == 1) {                document.getElementById('page_number_0').value = 1;              }              else {                document.getElementById('page_number_0').value = x - 1;              }              break;            case -2:              document.getElementById('page_number_0').value = 1;              break;\t\t\t\t\t\tcase 0:              document.getElementById('page_number_0').value = x;              break;            default:              document.getElementById('page_number_0').value = 1;          }          bwg_ajax('gal_front_form_0', '0', 'bwg_thumbnails_0', '0', '', 'gallery', 0, '', '', load_more, '', 1);        }                    jQuery('.first-page-0').on('click', function () {              spider_page_0(this, 1, -2, 'numeric');              return false;            });            jQuery('.prev-page-0').on('click', function () {              spider_page_0(this, 1, -1, 'numeric');              return false;            });            jQuery('.next-page-0').on('click', function () {              spider_page_0(this, 1, 1, 'numeric');              return false;            });            jQuery('.last-page-0').on('click', function () {              spider_page_0(this, 1, 2, 'numeric');              return false;            });        \t\t\t\t\/* Change page on input enter. *\/        function bwg_change_page_0( e, that ) {          if (  e.key == 'Enter' ) {            var to_page = parseInt(jQuery(that).val());            var pages_count = jQuery(that).parents(\".pagination-links\").data(\"pages-count\");            var current_url_param = jQuery(that).attr('data-url-info');            if (to_page > pages_count) {              to_page = 1;            }\t \t\t\t\t\t\t\t\t\t\t\t\tspider_page_0(this, to_page, 0, 'numeric');\t\t\t\t\t\t\treturn false;\t\t\t\t\t\t          }          return true;        }        jQuery('.bwg_load_btn_0').on('click', function () {            spider_page_0(this, 1, 1, true);            return false;        });      <\/script>      <\/span>                <\/div>        <\/form>        <style>          #bwg_container1_0 #bwg_container2_0 #spider_popup_overlay_0 {          background-color: #000000;          opacity: 0.70;          }          <\/style>        <div id=\"bwg_spider_popup_loading_0\" class=\"bwg_spider_popup_loading\"><\/div>        <div id=\"spider_popup_overlay_0\" class=\"spider_popup_overlay\" onclick=\"spider_destroypopup(1000)\"><\/div>        <input type=\"hidden\" id=\"bwg_random_seed_0\" value=\"267434027\">                <\/div>    <\/div>    <script>      if (document.readyState === 'complete') {        if( typeof bwg_main_ready == 'function' ) {          if ( jQuery(\"#bwg_container1_0\").height() ) {            bwg_main_ready(jQuery(\"#bwg_container1_0\"));          }        }      } else {        document.addEventListener('DOMContentLoaded', function() {          if( typeof bwg_main_ready == 'function' ) {            if ( jQuery(\"#bwg_container1_0\").height() ) {             bwg_main_ready(jQuery(\"#bwg_container1_0\"));            }          }        });      }    <\/script>    \n\n\n\n<figure class=\"wp-block-image size-large is-style-default\"><a href=\"https:\/\/www.uw-film.de\/uf\/wp-content\/uploads\/2024\/08\/Cottbus.jpg\"><img loading=\"lazy\" decoding=\"async\" width=\"1024\" height=\"835\" src=\"https:\/\/www.uw-film.de\/uf\/wp-content\/uploads\/2024\/08\/Cottbus-1024x835.jpg\" alt=\"\" class=\"wp-image-1530\" srcset=\"https:\/\/www.uw-film.de\/uf\/wp-content\/uploads\/2024\/08\/Cottbus-1024x835.jpg 1024w, https:\/\/www.uw-film.de\/uf\/wp-content\/uploads\/2024\/08\/Cottbus-300x245.jpg 300w, https:\/\/www.uw-film.de\/uf\/wp-content\/uploads\/2024\/08\/Cottbus-768x626.jpg 768w, https:\/\/www.uw-film.de\/uf\/wp-content\/uploads\/2024\/08\/Cottbus-1536x1252.jpg 1536w, https:\/\/www.uw-film.de\/uf\/wp-content\/uploads\/2024\/08\/Cottbus-150x122.jpg 150w, https:\/\/www.uw-film.de\/uf\/wp-content\/uploads\/2024\/08\/Cottbus.jpg 2000w\" sizes=\"auto, (max-width: 1024px) 100vw, 1024px\" \/><\/a><figcaption class=\"wp-element-caption\">v.l.n.r.: Dr. J\u00fcrgen Willisch, Alexey Konovalov, Elmar Klemm, Jens-Uwe Lamm<\/figcaption><\/figure>\n\n\n\n<figure class=\"wp-block-image size-large\"><a href=\"https:\/\/www.uw-film.de\/uf\/wp-content\/uploads\/2024\/08\/Rechlin.jpg\"><img loading=\"lazy\" decoding=\"async\" width=\"1024\" height=\"684\" src=\"https:\/\/www.uw-film.de\/uf\/wp-content\/uploads\/2024\/08\/Rechlin-1024x684.jpg\" alt=\"\" class=\"wp-image-1531\" srcset=\"https:\/\/www.uw-film.de\/uf\/wp-content\/uploads\/2024\/08\/Rechlin-1024x684.jpg 1024w, https:\/\/www.uw-film.de\/uf\/wp-content\/uploads\/2024\/08\/Rechlin-300x200.jpg 300w, https:\/\/www.uw-film.de\/uf\/wp-content\/uploads\/2024\/08\/Rechlin-768x513.jpg 768w, https:\/\/www.uw-film.de\/uf\/wp-content\/uploads\/2024\/08\/Rechlin-1536x1026.jpg 1536w, https:\/\/www.uw-film.de\/uf\/wp-content\/uploads\/2024\/08\/Rechlin-150x100.jpg 150w, https:\/\/www.uw-film.de\/uf\/wp-content\/uploads\/2024\/08\/Rechlin.jpg 2000w\" sizes=\"auto, (max-width: 1024px) 100vw, 1024px\" \/><\/a><figcaption class=\"wp-element-caption\">v.l.n.r.: Elmar Klemm, Alexey Konovalov, Torsten Heinrichs, Jens-Uwe Lamm<\/figcaption><\/figure>\n","protected":false},"excerpt":{"rendered":"<p>Seit 1957 ruht ein Flugzeugwrack auf dem Grund des Schweriner Sees. Bereits in den 90iger Jahren wurde die Maschine rein zuf\u00e4llig vom bekannten Unterwasserarch\u00e4ologen Klaus Keppler entdeckt, der eigentlich auf der Suche nach einer Focke-Wulf 190D war. Die Findungsposition geriet jedoch in Vergessenheit, so dass Wrackforscher und Euronaut Erbauer Carsten\u2026<\/p>\n<p class=\"continue-reading-button\"> <a class=\"continue-reading-link\" href=\"https:\/\/www.uw-film.de\/?page_id=1522\">Weiter lesen &#8230;<i class=\"crycon-right-dir\"><\/i><\/a><\/p>\n","protected":false},"author":1,"featured_media":1523,"parent":35,"menu_order":34,"comment_status":"closed","ping_status":"closed","template":"","meta":{"footnotes":""},"class_list":["post-1522","page","type-page","status-publish","has-post-thumbnail","hentry"],"_links":{"self":[{"href":"https:\/\/www.uw-film.de\/index.php?rest_route=\/wp\/v2\/pages\/1522","targetHints":{"allow":["GET"]}}],"collection":[{"href":"https:\/\/www.uw-film.de\/index.php?rest_route=\/wp\/v2\/pages"}],"about":[{"href":"https:\/\/www.uw-film.de\/index.php?rest_route=\/wp\/v2\/types\/page"}],"author":[{"embeddable":true,"href":"https:\/\/www.uw-film.de\/index.php?rest_route=\/wp\/v2\/users\/1"}],"replies":[{"embeddable":true,"href":"https:\/\/www.uw-film.de\/index.php?rest_route=%2Fwp%2Fv2%2Fcomments&post=1522"}],"version-history":[{"count":9,"href":"https:\/\/www.uw-film.de\/index.php?rest_route=\/wp\/v2\/pages\/1522\/revisions"}],"predecessor-version":[{"id":1535,"href":"https:\/\/www.uw-film.de\/index.php?rest_route=\/wp\/v2\/pages\/1522\/revisions\/1535"}],"up":[{"embeddable":true,"href":"https:\/\/www.uw-film.de\/index.php?rest_route=\/wp\/v2\/pages\/35"}],"wp:featuredmedia":[{"embeddable":true,"href":"https:\/\/www.uw-film.de\/index.php?rest_route=\/wp\/v2\/media\/1523"}],"wp:attachment":[{"href":"https:\/\/www.uw-film.de\/index.php?rest_route=%2Fwp%2Fv2%2Fmedia&parent=1522"}],"curies":[{"name":"wp","href":"https:\/\/api.w.org\/{rel}","templated":true}]}}