{"id":1093,"date":"2019-04-01T20:51:20","date_gmt":"2019-04-01T19:51:20","guid":{"rendered":"https:\/\/www.uw-film.de\/?page_id=1093"},"modified":"2021-04-26T16:28:09","modified_gmt":"2021-04-26T15:28:09","slug":"die-geschichte-der-taucherkessel-von-loebejuen","status":"publish","type":"page","link":"https:\/\/www.uw-film.de\/?page_id=1093","title":{"rendered":"Die Geschichte der Taucherkessel von L\u00f6bej\u00fcn"},"content":{"rendered":"\n<p style=\"text-align:justify\">Im M\u00e4rz habe ich zusammen mit dem Unterwasserfotografen Markus Schmidt eine kleine Doku \u00fcber die Taucherkessel in L\u00f6bej\u00fcn gedreht.<\/p>\n\n\n<figure class=\"wp-block-embed-youtube wp-block-embed is-type-video is-provider-youtube wp-embed-aspect-16-9 wp-has-aspect-ratio\"><div class=\"lyte-wrapper\" style=\"width:640px;max-width:100%;margin:5px auto;\"><div class=\"lyMe\" id=\"WYL_DAiX85Vs9i8\"><div id=\"lyte_DAiX85Vs9i8\" data-src=\"https:\/\/www.uw-film.de\/uf\/wp-content\/plugins\/wp-youtube-lyte\/lyteCache.php?origThumbUrl=%2F%2Fi.ytimg.com%2Fvi%2FDAiX85Vs9i8%2Fhqdefault.jpg\" class=\"pL\"><div class=\"tC\"><div class=\"tT\"><\/div><\/div><div class=\"play\"><\/div><div class=\"ctrl\"><div class=\"Lctrl\"><\/div><div class=\"Rctrl\"><\/div><\/div><\/div><noscript><a href=\"https:\/\/youtu.be\/DAiX85Vs9i8\" rel=\"nofollow\"><img loading=\"lazy\" decoding=\"async\" src=\"https:\/\/www.uw-film.de\/uf\/wp-content\/plugins\/wp-youtube-lyte\/lyteCache.php?origThumbUrl=https%3A%2F%2Fi.ytimg.com%2Fvi%2FDAiX85Vs9i8%2F0.jpg\" alt=\"YouTube-Video-Vorschaubild\" width=\"640\" height=\"340\" \/><br \/>Dieses Video auf YouTube ansehen<\/a><\/noscript><\/div><\/div><div class=\"lL\" style=\"max-width:100%;width:640px;margin:5px auto;\"><br\/><span class=\"lyte_disclaimer\">Diese Webseite verwendet YouTube Lyte. Es wird nur das Vorschaubild von YouTube geladen. Mit dem Klick zum Abspielen des Videos gelten die Datenschutzbestimmungen von Google.<\/span><\/div><figcaption><\/figcaption><\/figure>\n\n\n<p style=\"text-align:justify\">Animiert durch seine tollen Unterwasseraufnahmen und den guten Sichtweiten in den Steinbr\u00fcchen, hatten wir uns bereits in 2018 locker f\u00fcr ein Tauchwochenende in Sachsen-Anhalt verabredet.<\/p>\n\n\n\n<p style=\"text-align:justify\">Manfred Werbig, Wirt vom \u00f6rtlichen Gasthaus, lieferte uns wichtige und spannende Fakten zur Historie der Steinbr\u00fcche, so dass man einen Tauchgang gleich mit anderen Augen sieht. Mehr Fotos vom Dreh und Unterwasser gibt es auf meiner Homepage unter <a href=\"https:\/\/www.difomax.com\/?p=1800\" target=\"_blank\" rel=\"noreferrer noopener\" aria-label=\"diesem Beitrag. (\u00f6ffnet in neuem Tab)\">diesem Beitrag.<\/a><\/p>\n\n\n\n<figure class=\"wp-block-image\"><img loading=\"lazy\" decoding=\"async\" width=\"1024\" height=\"576\" src=\"https:\/\/www.uw-film.de\/uf\/wp-content\/uploads\/2019\/04\/20190401-_Taucherkessel_28-1024x576.jpg\" alt=\"\" class=\"wp-image-1103\" srcset=\"https:\/\/www.uw-film.de\/uf\/wp-content\/uploads\/2019\/04\/20190401-_Taucherkessel_28-1024x576.jpg 1024w, https:\/\/www.uw-film.de\/uf\/wp-content\/uploads\/2019\/04\/20190401-_Taucherkessel_28-300x169.jpg 300w, https:\/\/www.uw-film.de\/uf\/wp-content\/uploads\/2019\/04\/20190401-_Taucherkessel_28-768x432.jpg 768w, https:\/\/www.uw-film.de\/uf\/wp-content\/uploads\/2019\/04\/20190401-_Taucherkessel_28-150x84.jpg 150w, https:\/\/www.uw-film.de\/uf\/wp-content\/uploads\/2019\/04\/20190401-_Taucherkessel_28-432x242.jpg 432w, https:\/\/www.uw-film.de\/uf\/wp-content\/uploads\/2019\/04\/20190401-_Taucherkessel_28.jpg 1200w\" sizes=\"auto, (max-width: 1024px) 100vw, 1024px\" \/><figcaption>Dreh am Kessel 3<\/figcaption><\/figure>\n\n\n\n<figure class=\"wp-block-image\"><img loading=\"lazy\" decoding=\"async\" width=\"1024\" height=\"576\" src=\"https:\/\/www.uw-film.de\/uf\/wp-content\/uploads\/2019\/04\/20190401-_Taucherkessel_41-1024x576.jpg\" alt=\"\" class=\"wp-image-1104\" srcset=\"https:\/\/www.uw-film.de\/uf\/wp-content\/uploads\/2019\/04\/20190401-_Taucherkessel_41-1024x576.jpg 1024w, https:\/\/www.uw-film.de\/uf\/wp-content\/uploads\/2019\/04\/20190401-_Taucherkessel_41-300x169.jpg 300w, https:\/\/www.uw-film.de\/uf\/wp-content\/uploads\/2019\/04\/20190401-_Taucherkessel_41-768x432.jpg 768w, https:\/\/www.uw-film.de\/uf\/wp-content\/uploads\/2019\/04\/20190401-_Taucherkessel_41-150x84.jpg 150w, https:\/\/www.uw-film.de\/uf\/wp-content\/uploads\/2019\/04\/20190401-_Taucherkessel_41-432x242.jpg 432w, https:\/\/www.uw-film.de\/uf\/wp-content\/uploads\/2019\/04\/20190401-_Taucherkessel_41.jpg 1200w\" sizes=\"auto, (max-width: 1024px) 100vw, 1024px\" \/><figcaption>Taucher-Selfie (li Jens-Uwe Lamm, re. Markus Schmidt)<\/figcaption><\/figure>\n","protected":false},"excerpt":{"rendered":"<p>Im M\u00e4rz habe ich zusammen mit dem Unterwasserfotografen Markus Schmidt eine kleine Doku \u00fcber die Taucherkessel in L\u00f6bej\u00fcn gedreht. Animiert durch seine tollen Unterwasseraufnahmen und den guten Sichtweiten in den Steinbr\u00fcchen, hatten wir uns bereits in 2018 locker f\u00fcr ein Tauchwochenende in Sachsen-Anhalt verabredet. Manfred Werbig, Wirt vom \u00f6rtlichen Gasthaus,\u2026<\/p>\n<p class=\"continue-reading-button\"> <a class=\"continue-reading-link\" href=\"https:\/\/www.uw-film.de\/?page_id=1093\">Weiter lesen &#8230;<i class=\"crycon-right-dir\"><\/i><\/a><\/p>\n","protected":false},"author":1,"featured_media":1094,"parent":35,"menu_order":38,"comment_status":"closed","ping_status":"closed","template":"","meta":{"footnotes":""},"class_list":["post-1093","page","type-page","status-publish","has-post-thumbnail","hentry"],"_links":{"self":[{"href":"https:\/\/www.uw-film.de\/index.php?rest_route=\/wp\/v2\/pages\/1093","targetHints":{"allow":["GET"]}}],"collection":[{"href":"https:\/\/www.uw-film.de\/index.php?rest_route=\/wp\/v2\/pages"}],"about":[{"href":"https:\/\/www.uw-film.de\/index.php?rest_route=\/wp\/v2\/types\/page"}],"author":[{"embeddable":true,"href":"https:\/\/www.uw-film.de\/index.php?rest_route=\/wp\/v2\/users\/1"}],"replies":[{"embeddable":true,"href":"https:\/\/www.uw-film.de\/index.php?rest_route=%2Fwp%2Fv2%2Fcomments&post=1093"}],"version-history":[{"count":5,"href":"https:\/\/www.uw-film.de\/index.php?rest_route=\/wp\/v2\/pages\/1093\/revisions"}],"predecessor-version":[{"id":1329,"href":"https:\/\/www.uw-film.de\/index.php?rest_route=\/wp\/v2\/pages\/1093\/revisions\/1329"}],"up":[{"embeddable":true,"href":"https:\/\/www.uw-film.de\/index.php?rest_route=\/wp\/v2\/pages\/35"}],"wp:featuredmedia":[{"embeddable":true,"href":"https:\/\/www.uw-film.de\/index.php?rest_route=\/wp\/v2\/media\/1094"}],"wp:attachment":[{"href":"https:\/\/www.uw-film.de\/index.php?rest_route=%2Fwp%2Fv2%2Fmedia&parent=1093"}],"curies":[{"name":"wp","href":"https:\/\/api.w.org\/{rel}","templated":true}]}}